{"id":7008,"date":"2025-06-08T18:32:00","date_gmt":"2025-06-08T16:32:00","guid":{"rendered":"http:\/\/tohora-import.com\/?page_id=7008"},"modified":"2026-02-11T19:19:04","modified_gmt":"2026-02-11T18:19:04","slug":"collections-tohora-de-soies-tissees-mains-du-nord-de-linde","status":"publish","type":"page","link":"https:\/\/tohora-import.com\/en\/collections-a-travers-le-nord-de-linde\/collections-tohora-de-soies-tissees-mains-du-nord-de-linde\/","title":{"rendered":"Catalogue \u00c0 travers le nord de l&rsquo;Inde"},"content":{"rendered":"","protected":true},"excerpt":{"rendered":"","protected":true},"author":2,"featured_media":7018,"parent":6807,"menu_order":0,"comment_status":"closed","ping_status":"closed","template":"template-wide-content.php","meta":{"patiotime_single_page_hide_site_header":"","patiotime_single_page_site_header_source":"","patiotime_single_page_custom_site_header":"0","patiotime_single_page_custom_sticky_site_header":"0","patiotime_single_page_custom_page_title_margin_top_source":"","patiotime_single_page_custom_page_title_desktop_margin_top":"","patiotime_single_page_custom_page_title_tablet_margin_top":"","patiotime_single_page_custom_page_title_mobile_margin_top":"","patiotime_single_page_hide_page_title":"","patiotime_single_page_header_section_size":"","patiotime_single_page_header_background_color":"","patiotime_single_page_header_background_position_x":"center","patiotime_single_page_header_background_position_y":"center","patiotime_single_page_header_background_size":"cover","patiotime_single_page_header_background_repeat":"off","patiotime_single_page_header_background_scroll":"on","patiotime_single_page_header_text_color":"","patiotime_single_page_header_show_breadcrumb":"","patiotime_single_page_site_footer_hide_main":"","patiotime_single_custom_site_footer_main_source":"","patiotime_single_custom_site_footer_main":"0","patiotime_single_page_site_footer_hide_above":"","patiotime_single_custom_site_footer_above_source":"","patiotime_single_custom_site_footer_above":"0","patiotime_single_page_site_footer_hide_instagram":"","patiotime_single_page_site_footer_hide_bottom":"","patiotime_single_custom_mobile_menu_source":"","patiotime_single_custom_mobile_menu":"0","patiotime_single_custom_mobile_menu_animation":"","patiotime_single_custom_mobile_menu_width":"","patiotime_single_custom_mobile_menu_custom_width":375,"footnotes":""},"class_list":["post-7008","page","type-page","status-publish","post-password-required","hentry"],"yoast_head":"<!-- This site is optimized with the Yoast SEO plugin v27.4 - https:\/\/yoast.com\/product\/yoast-seo-wordpress\/ -->\n<title>Catalogue \u00c0 travers le nord de l&#039;Inde - Tohora the Finest Textile in this world<\/title>\n<meta name=\"description\" content=\"Collection de tissus de soies tiss\u00e9es main du nord de l&#039;Inde. tissus pure Soie tiss\u00e9s \u00e0 la main, provenant du nord de l&#039;Inde.\" \/>\n<meta name=\"robots\" content=\"index, follow, max-snippet:-1, max-image-preview:large, max-video-preview:-1\" \/>\n<link rel=\"canonical\" href=\"https:\/\/tohora-import.com\/en\/collections-a-travers-le-nord-de-linde\/collections-tohora-de-soies-tissees-mains-du-nord-de-linde\/\" \/>\n<meta property=\"og:locale\" content=\"en_GB\" \/>\n<meta property=\"og:type\" content=\"article\" \/>\n<meta property=\"og:title\" content=\"Catalogue \u00c0 travers le nord de l&#039;Inde - Tohora the Finest Textile in this world\" \/>\n<meta property=\"og:description\" content=\"Collection de tissus de soies tiss\u00e9es main du nord de l&#039;Inde. tissus pure Soie tiss\u00e9s \u00e0 la main, provenant du nord de l&#039;Inde.\" \/>\n<meta property=\"og:url\" content=\"https:\/\/tohora-import.com\/en\/collections-a-travers-le-nord-de-linde\/collections-tohora-de-soies-tissees-mains-du-nord-de-linde\/\" \/>\n<meta property=\"og:site_name\" content=\"Tohora the Finest Textile in this world\" \/>\n<meta property=\"article:publisher\" content=\"https:\/\/www.facebook.com\/TohoraFineSilk\/\" \/>\n<meta property=\"article:modified_time\" content=\"2026-02-11T18:19:04+00:00\" \/>\n<meta name=\"twitter:card\" content=\"summary_large_image\" \/>\n<meta name=\"twitter:label1\" content=\"Estimated reading time\" \/>\n\t<meta name=\"twitter:data1\" content=\"2 minutes\" \/>\n<script type=\"application\/ld+json\" class=\"yoast-schema-graph\">{\"@context\":\"https:\\\/\\\/schema.org\",\"@graph\":[{\"@type\":\"WebPage\",\"@id\":\"https:\\\/\\\/tohora-import.com\\\/collections-a-travers-le-nord-de-linde\\\/collections-tohora-de-soies-tissees-mains-du-nord-de-linde\\\/\",\"url\":\"https:\\\/\\\/tohora-import.com\\\/collections-a-travers-le-nord-de-linde\\\/collections-tohora-de-soies-tissees-mains-du-nord-de-linde\\\/\",\"name\":\"Catalogue \u00c0 travers le nord de l'Inde - Tohora the Finest Textile in this world\",\"isPartOf\":{\"@id\":\"https:\\\/\\\/tohora-import.com\\\/#website\"},\"datePublished\":\"2025-06-08T16:32:00+00:00\",\"dateModified\":\"2026-02-11T18:19:04+00:00\",\"breadcrumb\":{\"@id\":\"https:\\\/\\\/tohora-import.com\\\/collections-a-travers-le-nord-de-linde\\\/collections-tohora-de-soies-tissees-mains-du-nord-de-linde\\\/#breadcrumb\"},\"inLanguage\":\"en-GB\"},{\"@type\":\"WebSite\",\"@id\":\"https:\\\/\\\/tohora-import.com\\\/#website\",\"url\":\"https:\\\/\\\/tohora-import.com\\\/\",\"name\":\"Tohora the Finest Silk in this world\",\"description\":\"Tohora the Finest textile in this world\",\"publisher\":{\"@id\":\"https:\\\/\\\/tohora-import.com\\\/#organization\"},\"potentialAction\":[{\"@type\":\"SearchAction\",\"target\":{\"@type\":\"EntryPoint\",\"urlTemplate\":\"https:\\\/\\\/tohora-import.com\\\/?s={search_term_string}\"},\"query-input\":{\"@type\":\"PropertyValueSpecification\",\"valueRequired\":true,\"valueName\":\"search_term_string\"}}],\"inLanguage\":\"en-GB\"},{\"@type\":\"Organization\",\"@id\":\"https:\\\/\\\/tohora-import.com\\\/#organization\",\"name\":\"Tohora the Finest Silk in this world\",\"url\":\"https:\\\/\\\/tohora-import.com\\\/\",\"logo\":{\"@type\":\"ImageObject\",\"inLanguage\":\"en-GB\",\"@id\":\"https:\\\/\\\/tohora-import.com\\\/#\\\/schema\\\/logo\\\/image\\\/\",\"url\":\"https:\\\/\\\/tohora-import.com\\\/wp-content\\\/uploads\\\/2025\\\/06\\\/TohoraImport.jpeg\",\"contentUrl\":\"https:\\\/\\\/tohora-import.com\\\/wp-content\\\/uploads\\\/2025\\\/06\\\/TohoraImport.jpeg\",\"width\":531,\"height\":499,\"caption\":\"Tohora the Finest Silk in this world\"},\"image\":{\"@id\":\"https:\\\/\\\/tohora-import.com\\\/#\\\/schema\\\/logo\\\/image\\\/\"},\"sameAs\":[\"https:\\\/\\\/www.facebook.com\\\/TohoraFineSilk\\\/\",\"https:\\\/\\\/www.pinterest.com\\\/TohoraImport\\\/\",\"https:\\\/\\\/www.instagram.com\\\/tohora_fine_silk\\\/\",\"https:\\\/\\\/www.linkedin.com\\\/company\\\/tohora-import\\\/\",\"https:\\\/\\\/www.youtube.com\\\/@TOHORA_Luxembourg\"]}]}<\/script>\n<!-- \/ Yoast SEO plugin. -->","yoast_head_json":{"title":"Catalogue \u00c0 travers le nord de l'Inde - Tohora the Finest Textile in this world","description":"Collection de tissus de soies tiss\u00e9es main du nord de l'Inde. tissus pure Soie tiss\u00e9s \u00e0 la main, provenant du nord de l'Inde.","robots":{"index":"index","follow":"follow","max-snippet":"max-snippet:-1","max-image-preview":"max-image-preview:large","max-video-preview":"max-video-preview:-1"},"canonical":"https:\/\/tohora-import.com\/en\/collections-a-travers-le-nord-de-linde\/collections-tohora-de-soies-tissees-mains-du-nord-de-linde\/","og_locale":"en_GB","og_type":"article","og_title":"Catalogue \u00c0 travers le nord de l'Inde - Tohora the Finest Textile in this world","og_description":"Collection de tissus de soies tiss\u00e9es main du nord de l'Inde. tissus pure Soie tiss\u00e9s \u00e0 la main, provenant du nord de l'Inde.","og_url":"https:\/\/tohora-import.com\/en\/collections-a-travers-le-nord-de-linde\/collections-tohora-de-soies-tissees-mains-du-nord-de-linde\/","og_site_name":"Tohora the Finest Textile in this world","article_publisher":"https:\/\/www.facebook.com\/TohoraFineSilk\/","article_modified_time":"2026-02-11T18:19:04+00:00","twitter_card":"summary_large_image","twitter_misc":{"Estimated reading time":"2 minutes"},"schema":{"@context":"https:\/\/schema.org","@graph":[{"@type":"WebPage","@id":"https:\/\/tohora-import.com\/collections-a-travers-le-nord-de-linde\/collections-tohora-de-soies-tissees-mains-du-nord-de-linde\/","url":"https:\/\/tohora-import.com\/collections-a-travers-le-nord-de-linde\/collections-tohora-de-soies-tissees-mains-du-nord-de-linde\/","name":"Catalogue \u00c0 travers le nord de l'Inde - Tohora the Finest Textile in this world","isPartOf":{"@id":"https:\/\/tohora-import.com\/#website"},"datePublished":"2025-06-08T16:32:00+00:00","dateModified":"2026-02-11T18:19:04+00:00","breadcrumb":{"@id":"https:\/\/tohora-import.com\/collections-a-travers-le-nord-de-linde\/collections-tohora-de-soies-tissees-mains-du-nord-de-linde\/#breadcrumb"},"inLanguage":"en-GB"},{"@type":"WebSite","@id":"https:\/\/tohora-import.com\/#website","url":"https:\/\/tohora-import.com\/","name":"Tohora the Finest Silk in this world","description":"Tohora the Finest textile in this world","publisher":{"@id":"https:\/\/tohora-import.com\/#organization"},"potentialAction":[{"@type":"SearchAction","target":{"@type":"EntryPoint","urlTemplate":"https:\/\/tohora-import.com\/?s={search_term_string}"},"query-input":{"@type":"PropertyValueSpecification","valueRequired":true,"valueName":"search_term_string"}}],"inLanguage":"en-GB"},{"@type":"Organization","@id":"https:\/\/tohora-import.com\/#organization","name":"Tohora the Finest Silk in this world","url":"https:\/\/tohora-import.com\/","logo":{"@type":"ImageObject","inLanguage":"en-GB","@id":"https:\/\/tohora-import.com\/#\/schema\/logo\/image\/","url":"https:\/\/tohora-import.com\/wp-content\/uploads\/2025\/06\/TohoraImport.jpeg","contentUrl":"https:\/\/tohora-import.com\/wp-content\/uploads\/2025\/06\/TohoraImport.jpeg","width":531,"height":499,"caption":"Tohora the Finest Silk in this world"},"image":{"@id":"https:\/\/tohora-import.com\/#\/schema\/logo\/image\/"},"sameAs":["https:\/\/www.facebook.com\/TohoraFineSilk\/","https:\/\/www.pinterest.com\/TohoraImport\/","https:\/\/www.instagram.com\/tohora_fine_silk\/","https:\/\/www.linkedin.com\/company\/tohora-import\/","https:\/\/www.youtube.com\/@TOHORA_Luxembourg"]}]}},"_links":{"self":[{"href":"https:\/\/tohora-import.com\/en\/wp-json\/wp\/v2\/pages\/7008","targetHints":{"allow":["GET"]}}],"collection":[{"href":"https:\/\/tohora-import.com\/en\/wp-json\/wp\/v2\/pages"}],"about":[{"href":"https:\/\/tohora-import.com\/en\/wp-json\/wp\/v2\/types\/page"}],"author":[{"embeddable":true,"href":"https:\/\/tohora-import.com\/en\/wp-json\/wp\/v2\/users\/2"}],"replies":[{"embeddable":true,"href":"https:\/\/tohora-import.com\/en\/wp-json\/wp\/v2\/comments?post=7008"}],"version-history":[{"count":137,"href":"https:\/\/tohora-import.com\/en\/wp-json\/wp\/v2\/pages\/7008\/revisions"}],"predecessor-version":[{"id":11791,"href":"https:\/\/tohora-import.com\/en\/wp-json\/wp\/v2\/pages\/7008\/revisions\/11791"}],"up":[{"embeddable":true,"href":"https:\/\/tohora-import.com\/en\/wp-json\/wp\/v2\/pages\/6807"}],"wp:featuredmedia":[{"embeddable":true,"href":"https:\/\/tohora-import.com\/en\/wp-json\/wp\/v2\/media\/7018"}],"wp:attachment":[{"href":"https:\/\/tohora-import.com\/en\/wp-json\/wp\/v2\/media?parent=7008"}],"curies":[{"name":"wp","href":"https:\/\/api.w.org\/{rel}","templated":true}]}}