{"id":11599,"date":"2025-09-11T16:37:38","date_gmt":"2025-09-11T14:37:38","guid":{"rendered":"https:\/\/tohora-import.com\/?page_id=11599"},"modified":"2025-09-11T16:37:40","modified_gmt":"2025-09-11T14:37:40","slug":"newsletter","status":"publish","type":"page","link":"https:\/\/tohora-import.com\/en\/newsletter\/","title":{"rendered":"Newsletter"},"content":{"rendered":"<form id=\"sib_signup_form_1\" method=\"post\" class=\"sib_signup_form\" action=\"\">\n\t\t\t\t<div class=\"sib_loader\" style=\"display:none;\"><img\n\t\t\t\t\t\t\tsrc=\"https:\/\/tohora-import.com\/wp-includes\/images\/spinner.gif\" alt=\"loader\"><\/div>\n\t\t\t\t<input type=\"hidden\" name=\"sib_form_action\" value=\"subscribe_form_submit\">\n\t\t\t\t<input type=\"hidden\" name=\"sib_form_id\" value=\"1\">\n                <input type=\"hidden\" name=\"sib_form_alert_notice\" value=\"Remplissez ce champ s\u2019il vous pla\u00eet\">\n                <input type=\"hidden\" name=\"sib_form_invalid_email_notice\" value=\"Cette adresse email n&#039;est pas valide\">\n                <input type=\"hidden\" name=\"sib_security\" value=\"a51d4c883b\">\n\t\t\t\t<div class=\"sib_signup_box_inside_1\">\n\t\t\t\t\t<div style=\"\/*display:none*\/\" class=\"sib_msg_disp\">\n\t\t\t\t\t<\/div>\n                    \t\t\t\t\t<p>Votre adresse e-mail est uniquement utilis\u00e9e pour l'envoi de nos newsletters et les informations \u00e0 propos des activit\u00e9s de Tohora et la marque \u00aeTohora. Il est toujours possible de se d\u00e9sincrire en suivant le lien inclu dans la newsletter.<\/p>\r\n<p class=\"sib-email-area\">\r\n    Adresse Email*\r\n    <input type=\"email\" class=\"sib-email-area\" name=\"email\" required=\"required\">\r\n<\/p>\r\n<p class=\"sib-FIRSTNAME-area\">\r\n    PRENOM\r\n    <input type=\"text\" class=\"sib-FIRSTNAME-area\" name=\"FIRSTNAME\">\r\n<\/p>\r\n<p class=\"sib-LASTNAME-area\">\r\n    NOM\r\n    <input type=\"text\" class=\"sib-LASTNAME-area\" name=\"LASTNAME\">\r\n<\/p>\r\n<p>\r\n    <input type=\"submit\" class=\"sib-default-btn\" value=\"Subscribe\">\r\n<\/p>\r\n\t\t\t\t<\/div>\n\t\t\t<input type=\"hidden\" name=\"trp-form-language\" value=\"en\"\/><\/form>\n\t\t\t<style>\n\t\t\t\tform#sib_signup_form_1 p.sib-alert-message {\n    padding: 6px 12px;\n    margin-bottom: 20px;\n    border: 1px solid transparent;\n    border-radius: 4px;\n    -webkit-box-sizing: border-box;\n    -moz-box-sizing: border-box;\n    box-sizing: border-box;\n}\nform#sib_signup_form_1 p.sib-alert-message-error {\n    background-color: #f2dede;\n    border-color: #ebccd1;\n    color: #a94442;\n}\nform#sib_signup_form_1 p.sib-alert-message-success {\n    background-color: #dff0d8;\n    border-color: #d6e9c6;\n    color: #3c763d;\n}\nform#sib_signup_form_1 p.sib-alert-message-warning {\n    background-color: #fcf8e3;\n    border-color: #faebcc;\n    color: #8a6d3b;\n}\n\t\t\t<\/style>","protected":false},"excerpt":{"rendered":"","protected":false},"author":2,"featured_media":0,"parent":0,"menu_order":0,"comment_status":"closed","ping_status":"closed","template":"","meta":{"patiotime_single_page_hide_site_header":"","patiotime_single_page_site_header_source":"","patiotime_single_page_custom_site_header":"0","patiotime_single_page_custom_sticky_site_header":"0","patiotime_single_page_custom_page_title_margin_top_source":"","patiotime_single_page_custom_page_title_desktop_margin_top":"","patiotime_single_page_custom_page_title_tablet_margin_top":"","patiotime_single_page_custom_page_title_mobile_margin_top":"","patiotime_single_page_hide_page_title":"","patiotime_single_page_header_section_size":"","patiotime_single_page_header_background_color":"","patiotime_single_page_header_background_position_x":"center","patiotime_single_page_header_background_position_y":"center","patiotime_single_page_header_background_size":"cover","patiotime_single_page_header_background_repeat":"off","patiotime_single_page_header_background_scroll":"on","patiotime_single_page_header_text_color":"","patiotime_single_page_header_show_breadcrumb":"","patiotime_single_page_site_footer_hide_main":"","patiotime_single_custom_site_footer_main_source":"","patiotime_single_custom_site_footer_main":"0","patiotime_single_page_site_footer_hide_above":"","patiotime_single_custom_site_footer_above_source":"","patiotime_single_custom_site_footer_above":"0","patiotime_single_page_site_footer_hide_instagram":"","patiotime_single_page_site_footer_hide_bottom":"","patiotime_single_custom_mobile_menu_source":"","patiotime_single_custom_mobile_menu":"0","patiotime_single_custom_mobile_menu_animation":"","patiotime_single_custom_mobile_menu_width":"","patiotime_single_custom_mobile_menu_custom_width":375,"footnotes":""},"class_list":["post-11599","page","type-page","status-publish","hentry"],"yoast_head":"<!-- This site is optimized with the Yoast SEO plugin v27.4 - https:\/\/yoast.com\/product\/yoast-seo-wordpress\/ -->\n<title>Newsletter - Tohora the Finest Textile in this world<\/title>\n<meta name=\"robots\" content=\"index, follow, max-snippet:-1, max-image-preview:large, max-video-preview:-1\" \/>\n<link rel=\"canonical\" href=\"https:\/\/tohora-import.com\/en\/newsletter\/\" \/>\n<meta property=\"og:locale\" content=\"en_GB\" \/>\n<meta property=\"og:type\" content=\"article\" \/>\n<meta property=\"og:title\" content=\"Newsletter - Tohora the Finest Textile in this world\" \/>\n<meta property=\"og:url\" content=\"https:\/\/tohora-import.com\/en\/newsletter\/\" \/>\n<meta property=\"og:site_name\" content=\"Tohora the Finest Textile in this world\" \/>\n<meta property=\"article:publisher\" content=\"https:\/\/www.facebook.com\/TohoraFineSilk\/\" \/>\n<meta property=\"article:modified_time\" content=\"2025-09-11T14:37:40+00:00\" \/>\n<meta name=\"twitter:card\" content=\"summary_large_image\" \/>\n<meta name=\"twitter:label1\" content=\"Estimated reading time\" \/>\n\t<meta name=\"twitter:data1\" content=\"1 minute\" \/>\n<script type=\"application\/ld+json\" class=\"yoast-schema-graph\">{\"@context\":\"https:\\\/\\\/schema.org\",\"@graph\":[{\"@type\":\"WebPage\",\"@id\":\"https:\\\/\\\/tohora-import.com\\\/newsletter\\\/\",\"url\":\"https:\\\/\\\/tohora-import.com\\\/newsletter\\\/\",\"name\":\"Newsletter - Tohora the Finest Textile in this world\",\"isPartOf\":{\"@id\":\"https:\\\/\\\/tohora-import.com\\\/#website\"},\"datePublished\":\"2025-09-11T14:37:38+00:00\",\"dateModified\":\"2025-09-11T14:37:40+00:00\",\"breadcrumb\":{\"@id\":\"https:\\\/\\\/tohora-import.com\\\/newsletter\\\/#breadcrumb\"},\"inLanguage\":\"en-GB\",\"potentialAction\":[{\"@type\":\"ReadAction\",\"target\":[\"https:\\\/\\\/tohora-import.com\\\/newsletter\\\/\"]}]},{\"@type\":\"BreadcrumbList\",\"@id\":\"https:\\\/\\\/tohora-import.com\\\/newsletter\\\/#breadcrumb\",\"itemListElement\":[{\"@type\":\"ListItem\",\"position\":1,\"name\":\"Accueil\",\"item\":\"https:\\\/\\\/tohora-import.com\\\/\"},{\"@type\":\"ListItem\",\"position\":2,\"name\":\"Newsletter\"}]},{\"@type\":\"WebSite\",\"@id\":\"https:\\\/\\\/tohora-import.com\\\/#website\",\"url\":\"https:\\\/\\\/tohora-import.com\\\/\",\"name\":\"Tohora the Finest Silk in this world\",\"description\":\"Tohora the Finest textile in this world\",\"publisher\":{\"@id\":\"https:\\\/\\\/tohora-import.com\\\/#organization\"},\"potentialAction\":[{\"@type\":\"SearchAction\",\"target\":{\"@type\":\"EntryPoint\",\"urlTemplate\":\"https:\\\/\\\/tohora-import.com\\\/?s={search_term_string}\"},\"query-input\":{\"@type\":\"PropertyValueSpecification\",\"valueRequired\":true,\"valueName\":\"search_term_string\"}}],\"inLanguage\":\"en-GB\"},{\"@type\":\"Organization\",\"@id\":\"https:\\\/\\\/tohora-import.com\\\/#organization\",\"name\":\"Tohora the Finest Silk in this world\",\"url\":\"https:\\\/\\\/tohora-import.com\\\/\",\"logo\":{\"@type\":\"ImageObject\",\"inLanguage\":\"en-GB\",\"@id\":\"https:\\\/\\\/tohora-import.com\\\/#\\\/schema\\\/logo\\\/image\\\/\",\"url\":\"https:\\\/\\\/tohora-import.com\\\/wp-content\\\/uploads\\\/2025\\\/06\\\/TohoraImport.jpeg\",\"contentUrl\":\"https:\\\/\\\/tohora-import.com\\\/wp-content\\\/uploads\\\/2025\\\/06\\\/TohoraImport.jpeg\",\"width\":531,\"height\":499,\"caption\":\"Tohora the Finest Silk in this world\"},\"image\":{\"@id\":\"https:\\\/\\\/tohora-import.com\\\/#\\\/schema\\\/logo\\\/image\\\/\"},\"sameAs\":[\"https:\\\/\\\/www.facebook.com\\\/TohoraFineSilk\\\/\",\"https:\\\/\\\/www.pinterest.com\\\/TohoraImport\\\/\",\"https:\\\/\\\/www.instagram.com\\\/tohora_fine_silk\\\/\",\"https:\\\/\\\/www.linkedin.com\\\/company\\\/tohora-import\\\/\",\"https:\\\/\\\/www.youtube.com\\\/@TOHORA_Luxembourg\"]}]}<\/script>\n<!-- \/ Yoast SEO plugin. -->","yoast_head_json":{"title":"Newsletter - Tohora the Finest Textile in this world","robots":{"index":"index","follow":"follow","max-snippet":"max-snippet:-1","max-image-preview":"max-image-preview:large","max-video-preview":"max-video-preview:-1"},"canonical":"https:\/\/tohora-import.com\/en\/newsletter\/","og_locale":"en_GB","og_type":"article","og_title":"Newsletter - Tohora the Finest Textile in this world","og_url":"https:\/\/tohora-import.com\/en\/newsletter\/","og_site_name":"Tohora the Finest Textile in this world","article_publisher":"https:\/\/www.facebook.com\/TohoraFineSilk\/","article_modified_time":"2025-09-11T14:37:40+00:00","twitter_card":"summary_large_image","twitter_misc":{"Estimated reading time":"1 minute"},"schema":{"@context":"https:\/\/schema.org","@graph":[{"@type":"WebPage","@id":"https:\/\/tohora-import.com\/newsletter\/","url":"https:\/\/tohora-import.com\/newsletter\/","name":"Newsletter - Tohora the Finest Textile in this world","isPartOf":{"@id":"https:\/\/tohora-import.com\/#website"},"datePublished":"2025-09-11T14:37:38+00:00","dateModified":"2025-09-11T14:37:40+00:00","breadcrumb":{"@id":"https:\/\/tohora-import.com\/newsletter\/#breadcrumb"},"inLanguage":"en-GB","potentialAction":[{"@type":"ReadAction","target":["https:\/\/tohora-import.com\/newsletter\/"]}]},{"@type":"BreadcrumbList","@id":"https:\/\/tohora-import.com\/newsletter\/#breadcrumb","itemListElement":[{"@type":"ListItem","position":1,"name":"Accueil","item":"https:\/\/tohora-import.com\/"},{"@type":"ListItem","position":2,"name":"Newsletter"}]},{"@type":"WebSite","@id":"https:\/\/tohora-import.com\/#website","url":"https:\/\/tohora-import.com\/","name":"Tohora the Finest Silk in this world","description":"Tohora the Finest textile in this world","publisher":{"@id":"https:\/\/tohora-import.com\/#organization"},"potentialAction":[{"@type":"SearchAction","target":{"@type":"EntryPoint","urlTemplate":"https:\/\/tohora-import.com\/?s={search_term_string}"},"query-input":{"@type":"PropertyValueSpecification","valueRequired":true,"valueName":"search_term_string"}}],"inLanguage":"en-GB"},{"@type":"Organization","@id":"https:\/\/tohora-import.com\/#organization","name":"Tohora the Finest Silk in this world","url":"https:\/\/tohora-import.com\/","logo":{"@type":"ImageObject","inLanguage":"en-GB","@id":"https:\/\/tohora-import.com\/#\/schema\/logo\/image\/","url":"https:\/\/tohora-import.com\/wp-content\/uploads\/2025\/06\/TohoraImport.jpeg","contentUrl":"https:\/\/tohora-import.com\/wp-content\/uploads\/2025\/06\/TohoraImport.jpeg","width":531,"height":499,"caption":"Tohora the Finest Silk in this world"},"image":{"@id":"https:\/\/tohora-import.com\/#\/schema\/logo\/image\/"},"sameAs":["https:\/\/www.facebook.com\/TohoraFineSilk\/","https:\/\/www.pinterest.com\/TohoraImport\/","https:\/\/www.instagram.com\/tohora_fine_silk\/","https:\/\/www.linkedin.com\/company\/tohora-import\/","https:\/\/www.youtube.com\/@TOHORA_Luxembourg"]}]}},"_links":{"self":[{"href":"https:\/\/tohora-import.com\/en\/wp-json\/wp\/v2\/pages\/11599","targetHints":{"allow":["GET"]}}],"collection":[{"href":"https:\/\/tohora-import.com\/en\/wp-json\/wp\/v2\/pages"}],"about":[{"href":"https:\/\/tohora-import.com\/en\/wp-json\/wp\/v2\/types\/page"}],"author":[{"embeddable":true,"href":"https:\/\/tohora-import.com\/en\/wp-json\/wp\/v2\/users\/2"}],"replies":[{"embeddable":true,"href":"https:\/\/tohora-import.com\/en\/wp-json\/wp\/v2\/comments?post=11599"}],"version-history":[{"count":1,"href":"https:\/\/tohora-import.com\/en\/wp-json\/wp\/v2\/pages\/11599\/revisions"}],"predecessor-version":[{"id":11600,"href":"https:\/\/tohora-import.com\/en\/wp-json\/wp\/v2\/pages\/11599\/revisions\/11600"}],"wp:attachment":[{"href":"https:\/\/tohora-import.com\/en\/wp-json\/wp\/v2\/media?parent=11599"}],"curies":[{"name":"wp","href":"https:\/\/api.w.org\/{rel}","templated":true}]}}