{"id":10266,"date":"2025-07-16T10:22:39","date_gmt":"2025-07-16T08:22:39","guid":{"rendered":"https:\/\/tohora-import.com\/?page_id=10266"},"modified":"2025-07-25T13:37:18","modified_gmt":"2025-07-25T11:37:18","slug":"capsules-tohora","status":"publish","type":"page","link":"https:\/\/tohora-import.com\/en\/capsules-tohora\/","title":{"rendered":"Capsules \u00aeTohora"},"content":{"rendered":"<div data-elementor-type=\"wp-page\" data-elementor-id=\"10266\" class=\"elementor elementor-10266\">\n\t\t\t\t<div class=\"elementor-element elementor-element-c696c73 e-flex e-con-boxed e-con e-parent\" data-id=\"c696c73\" data-element_type=\"container\" data-e-type=\"container\">\n\t\t\t\t\t<div class=\"e-con-inner\">\n\t\t\t\t<div class=\"elementor-element elementor-element-de5d1c4 elementor-widget elementor-widget-text-editor\" data-id=\"de5d1c4\" data-element_type=\"widget\" data-e-type=\"widget\" data-widget_type=\"text-editor.default\">\n\t\t\t\t<div class=\"elementor-widget-container\">\n\t\t\t\t\t\t\t\t\t<p>It becomes easy to let your mind wander and imagine exclusive pieces when you are in contact with these magnificent silk fabrics, which are extraordinarily beautiful and delicate.<\/p><p>With a few partners around the world, we create unique decorative items and indoor clothing for women and children.<\/p>\t\t\t\t\t\t\t\t<\/div>\n\t\t\t\t<\/div>\n\t\t\t\t<div class=\"elementor-element elementor-element-29a300e elementor-widget elementor-widget-text-editor\" data-id=\"29a300e\" data-element_type=\"widget\" data-e-type=\"widget\" data-widget_type=\"text-editor.default\">\n\t\t\t\t<div class=\"elementor-widget-container\">\n\t\t\t\t\t\t\t\t\t<p>Did you know? Tohora promotes creativity and encounters.<\/p><p>\u00a0<\/p><p>If you have a specific idea in mind and would like to bring it to life using our fabrics, we can put you in touch with upholsterers or interior designers (in Europe or in the countries of our partner suppliers) to make it a reality.<\/p>\t\t\t\t\t\t\t\t<\/div>\n\t\t\t\t<\/div>\n\t\t\t\t\t<\/div>\n\t\t\t\t<\/div>\n\t\t<div class=\"elementor-element elementor-element-7dc53f6 e-flex e-con-boxed e-con e-parent\" data-id=\"7dc53f6\" data-element_type=\"container\" data-e-type=\"container\">\n\t\t\t\t\t<div class=\"e-con-inner\">\n\t\t<div class=\"elementor-element elementor-element-09754e1 e-con-full e-flex e-con e-child\" data-id=\"09754e1\" data-element_type=\"container\" data-e-type=\"container\">\n\t\t<div class=\"elementor-element elementor-element-13ac05d e-con-full e-flex e-con e-child\" data-id=\"13ac05d\" data-element_type=\"container\" data-e-type=\"container\">\n\t\t\t\t<div class=\"elementor-element elementor-element-163441e elementor-widget elementor-widget-pt_title\" data-id=\"163441e\" data-element_type=\"widget\" data-e-type=\"widget\" data-widget_type=\"pt_title.default\">\n\t\t\t\t<div class=\"elementor-widget-container\">\n\t\t\t\t\t\n        <div class=\"pt-title-wrap text-center\">\t            <div class=\"pt-subtitle-wrap\"><span class=\"pt-subtitle\">Section Subtitle<\/span><\/div>\t            <h4 class=\"pt-title\">\n\t                You are a private individual\t            <\/h4>\t            <div class=\"pt-title-text\">\n\t                <p><a href=\"https:\/\/tohora-import.com\/en\/contact\/\">Find our list of retailers at this link.<\/a><\/p>\t            <\/div>                <div class=\"pt-title-btn\">\n                    <a class=\"button elementor-button-link\" role=\"button\" href=\"https:\/\/tohora-import.com\/en\/inscription-particulier\/\">\n                        <span class=\"pt-btn-text\">Are you interested in a project?<\/span>\n                    <\/a>\n                <\/div>\n                    <\/div>\t\t\t\t<\/div>\n\t\t\t\t<\/div>\n\t\t\t\t<\/div>\n\t\t<div class=\"elementor-element elementor-element-f5b8dd2 e-con-full e-flex e-con e-child\" data-id=\"f5b8dd2\" data-element_type=\"container\" data-e-type=\"container\">\n\t\t\t\t<div class=\"elementor-element elementor-element-b598085 elementor-widget elementor-widget-pt_title\" data-id=\"b598085\" data-element_type=\"widget\" data-e-type=\"widget\" data-widget_type=\"pt_title.default\">\n\t\t\t\t<div class=\"elementor-widget-container\">\n\t\t\t\t\t\n        <div class=\"pt-title-wrap text-center\">\t            <div class=\"pt-subtitle-wrap\"><span class=\"pt-subtitle\">Section Subtitle<\/span><\/div>\t            <h4 class=\"pt-title\">\n\t                You are a professional\t            <\/h4>\t            <div class=\"pt-title-text\">\n\t                <p>Would you like to become a partner?<\/p>\t            <\/div>                <div class=\"pt-title-btn\">\n                    <a class=\"button elementor-button-link\" role=\"button\" href=\"https:\/\/tohora-import.com\/en\/inscription\/\">\n                        <span class=\"pt-btn-text\">Click to contact us<\/span>\n                    <\/a>\n                <\/div>\n                    <\/div>\t\t\t\t<\/div>\n\t\t\t\t<\/div>\n\t\t\t\t<\/div>\n\t\t\t\t<\/div>\n\t\t\t\t\t<\/div>\n\t\t\t\t<\/div>\n\t\t\t\t<\/div>","protected":false},"excerpt":{"rendered":"<p>Il devient ais\u00e9 de laisser son esprit vagabonder et imaginer des pi\u00e8ces exclusives quand on est au contact de ces magnifiques tissus de soie, qui sont d&rsquo;une beaut\u00e9 et d&rsquo;une finesse extraordinaires. Avec quelques partenaires aux quatre coins du monde, nous cr\u00e9ons des pi\u00e8ces uniques de d\u00e9coration ou de v\u00eatements d&rsquo;int\u00e9rieur pour femmes et enfants. &#8230;<\/p>","protected":false},"author":2,"featured_media":10871,"parent":0,"menu_order":0,"comment_status":"closed","ping_status":"closed","template":"template-wide-content.php","meta":{"patiotime_single_page_hide_site_header":"","patiotime_single_page_site_header_source":"","patiotime_single_page_custom_site_header":"0","patiotime_single_page_custom_sticky_site_header":"0","patiotime_single_page_custom_page_title_margin_top_source":"","patiotime_single_page_custom_page_title_desktop_margin_top":"","patiotime_single_page_custom_page_title_tablet_margin_top":"","patiotime_single_page_custom_page_title_mobile_margin_top":"","patiotime_single_page_hide_page_title":"","patiotime_single_page_header_section_size":"","patiotime_single_page_header_background_color":"","patiotime_single_page_header_background_position_x":"center","patiotime_single_page_header_background_position_y":"center","patiotime_single_page_header_background_size":"cover","patiotime_single_page_header_background_repeat":"off","patiotime_single_page_header_background_scroll":"on","patiotime_single_page_header_text_color":"","patiotime_single_page_header_show_breadcrumb":"","patiotime_single_page_site_footer_hide_main":"","patiotime_single_custom_site_footer_main_source":"","patiotime_single_custom_site_footer_main":"0","patiotime_single_page_site_footer_hide_above":"","patiotime_single_custom_site_footer_above_source":"","patiotime_single_custom_site_footer_above":"0","patiotime_single_page_site_footer_hide_instagram":"","patiotime_single_page_site_footer_hide_bottom":"","patiotime_single_custom_mobile_menu_source":"","patiotime_single_custom_mobile_menu":"0","patiotime_single_custom_mobile_menu_animation":"","patiotime_single_custom_mobile_menu_width":"","patiotime_single_custom_mobile_menu_custom_width":375,"footnotes":""},"class_list":["post-10266","page","type-page","status-publish","has-post-thumbnail","hentry"],"yoast_head":"<!-- This site is optimized with the Yoast SEO plugin v27.4 - https:\/\/yoast.com\/product\/yoast-seo-wordpress\/ -->\n<title>Capsules \u00aeTohora - Tohora the Finest Textile in this world<\/title>\n<meta name=\"robots\" content=\"index, follow, max-snippet:-1, max-image-preview:large, max-video-preview:-1\" \/>\n<link rel=\"canonical\" href=\"https:\/\/tohora-import.com\/en\/capsules-tohora\/\" \/>\n<meta property=\"og:locale\" content=\"en_GB\" \/>\n<meta property=\"og:type\" content=\"article\" \/>\n<meta property=\"og:title\" content=\"Capsules \u00aeTohora - Tohora the Finest Textile in this world\" \/>\n<meta property=\"og:description\" content=\"Il devient ais\u00e9 de laisser son esprit vagabonder et imaginer des pi\u00e8ces exclusives quand on est au contact de ces magnifiques tissus de soie, qui sont d&rsquo;une beaut\u00e9 et d&rsquo;une finesse extraordinaires. Avec quelques partenaires aux quatre coins du monde, nous cr\u00e9ons des pi\u00e8ces uniques de d\u00e9coration ou de v\u00eatements d&rsquo;int\u00e9rieur pour femmes et enfants. ...\" \/>\n<meta property=\"og:url\" content=\"https:\/\/tohora-import.com\/en\/capsules-tohora\/\" \/>\n<meta property=\"og:site_name\" content=\"Tohora the Finest Textile in this world\" \/>\n<meta property=\"article:publisher\" content=\"https:\/\/www.facebook.com\/TohoraFineSilk\/\" \/>\n<meta property=\"article:modified_time\" content=\"2025-07-25T11:37:18+00:00\" \/>\n<meta property=\"og:image\" content=\"https:\/\/tohora-import.com\/wp-content\/uploads\/2025\/07\/Katan-Chiniya-Satin--scaled.jpeg\" \/>\n\t<meta property=\"og:image:width\" content=\"1920\" \/>\n\t<meta property=\"og:image:height\" content=\"2560\" \/>\n\t<meta property=\"og:image:type\" content=\"image\/jpeg\" \/>\n<meta name=\"twitter:card\" content=\"summary_large_image\" \/>\n<meta name=\"twitter:label1\" content=\"Estimated reading time\" \/>\n\t<meta name=\"twitter:data1\" content=\"1 minute\" \/>\n<script type=\"application\/ld+json\" class=\"yoast-schema-graph\">{\"@context\":\"https:\\\/\\\/schema.org\",\"@graph\":[{\"@type\":\"WebPage\",\"@id\":\"https:\\\/\\\/tohora-import.com\\\/capsules-tohora\\\/\",\"url\":\"https:\\\/\\\/tohora-import.com\\\/capsules-tohora\\\/\",\"name\":\"Capsules \u00aeTohora - Tohora the Finest Textile in this world\",\"isPartOf\":{\"@id\":\"https:\\\/\\\/tohora-import.com\\\/#website\"},\"primaryImageOfPage\":{\"@id\":\"https:\\\/\\\/tohora-import.com\\\/capsules-tohora\\\/#primaryimage\"},\"image\":{\"@id\":\"https:\\\/\\\/tohora-import.com\\\/capsules-tohora\\\/#primaryimage\"},\"thumbnailUrl\":\"https:\\\/\\\/tohora-import.com\\\/wp-content\\\/uploads\\\/2025\\\/07\\\/Katan-Chiniya-Satin--scaled.jpeg\",\"datePublished\":\"2025-07-16T08:22:39+00:00\",\"dateModified\":\"2025-07-25T11:37:18+00:00\",\"breadcrumb\":{\"@id\":\"https:\\\/\\\/tohora-import.com\\\/capsules-tohora\\\/#breadcrumb\"},\"inLanguage\":\"en-GB\",\"potentialAction\":[{\"@type\":\"ReadAction\",\"target\":[\"https:\\\/\\\/tohora-import.com\\\/capsules-tohora\\\/\"]}]},{\"@type\":\"ImageObject\",\"inLanguage\":\"en-GB\",\"@id\":\"https:\\\/\\\/tohora-import.com\\\/capsules-tohora\\\/#primaryimage\",\"url\":\"https:\\\/\\\/tohora-import.com\\\/wp-content\\\/uploads\\\/2025\\\/07\\\/Katan-Chiniya-Satin--scaled.jpeg\",\"contentUrl\":\"https:\\\/\\\/tohora-import.com\\\/wp-content\\\/uploads\\\/2025\\\/07\\\/Katan-Chiniya-Satin--scaled.jpeg\",\"width\":1920,\"height\":2560},{\"@type\":\"BreadcrumbList\",\"@id\":\"https:\\\/\\\/tohora-import.com\\\/capsules-tohora\\\/#breadcrumb\",\"itemListElement\":[{\"@type\":\"ListItem\",\"position\":1,\"name\":\"Accueil\",\"item\":\"https:\\\/\\\/tohora-import.com\\\/\"},{\"@type\":\"ListItem\",\"position\":2,\"name\":\"Capsules \u00aeTohora\"}]},{\"@type\":\"WebSite\",\"@id\":\"https:\\\/\\\/tohora-import.com\\\/#website\",\"url\":\"https:\\\/\\\/tohora-import.com\\\/\",\"name\":\"Tohora the Finest Silk in this world\",\"description\":\"Tohora the Finest textile in this world\",\"publisher\":{\"@id\":\"https:\\\/\\\/tohora-import.com\\\/#organization\"},\"potentialAction\":[{\"@type\":\"SearchAction\",\"target\":{\"@type\":\"EntryPoint\",\"urlTemplate\":\"https:\\\/\\\/tohora-import.com\\\/?s={search_term_string}\"},\"query-input\":{\"@type\":\"PropertyValueSpecification\",\"valueRequired\":true,\"valueName\":\"search_term_string\"}}],\"inLanguage\":\"en-GB\"},{\"@type\":\"Organization\",\"@id\":\"https:\\\/\\\/tohora-import.com\\\/#organization\",\"name\":\"Tohora the Finest Silk in this world\",\"url\":\"https:\\\/\\\/tohora-import.com\\\/\",\"logo\":{\"@type\":\"ImageObject\",\"inLanguage\":\"en-GB\",\"@id\":\"https:\\\/\\\/tohora-import.com\\\/#\\\/schema\\\/logo\\\/image\\\/\",\"url\":\"https:\\\/\\\/tohora-import.com\\\/wp-content\\\/uploads\\\/2025\\\/06\\\/TohoraImport.jpeg\",\"contentUrl\":\"https:\\\/\\\/tohora-import.com\\\/wp-content\\\/uploads\\\/2025\\\/06\\\/TohoraImport.jpeg\",\"width\":531,\"height\":499,\"caption\":\"Tohora the Finest Silk in this world\"},\"image\":{\"@id\":\"https:\\\/\\\/tohora-import.com\\\/#\\\/schema\\\/logo\\\/image\\\/\"},\"sameAs\":[\"https:\\\/\\\/www.facebook.com\\\/TohoraFineSilk\\\/\",\"https:\\\/\\\/www.pinterest.com\\\/TohoraImport\\\/\",\"https:\\\/\\\/www.instagram.com\\\/tohora_fine_silk\\\/\",\"https:\\\/\\\/www.linkedin.com\\\/company\\\/tohora-import\\\/\",\"https:\\\/\\\/www.youtube.com\\\/@TOHORA_Luxembourg\"]}]}<\/script>\n<!-- \/ Yoast SEO plugin. -->","yoast_head_json":{"title":"Capsules \u00aeTohora - Tohora the Finest Textile in this world","robots":{"index":"index","follow":"follow","max-snippet":"max-snippet:-1","max-image-preview":"max-image-preview:large","max-video-preview":"max-video-preview:-1"},"canonical":"https:\/\/tohora-import.com\/en\/capsules-tohora\/","og_locale":"en_GB","og_type":"article","og_title":"Capsules \u00aeTohora - Tohora the Finest Textile in this world","og_description":"Il devient ais\u00e9 de laisser son esprit vagabonder et imaginer des pi\u00e8ces exclusives quand on est au contact de ces magnifiques tissus de soie, qui sont d&rsquo;une beaut\u00e9 et d&rsquo;une finesse extraordinaires. Avec quelques partenaires aux quatre coins du monde, nous cr\u00e9ons des pi\u00e8ces uniques de d\u00e9coration ou de v\u00eatements d&rsquo;int\u00e9rieur pour femmes et enfants. ...","og_url":"https:\/\/tohora-import.com\/en\/capsules-tohora\/","og_site_name":"Tohora the Finest Textile in this world","article_publisher":"https:\/\/www.facebook.com\/TohoraFineSilk\/","article_modified_time":"2025-07-25T11:37:18+00:00","og_image":[{"width":1920,"height":2560,"url":"https:\/\/tohora-import.com\/wp-content\/uploads\/2025\/07\/Katan-Chiniya-Satin--scaled.jpeg","type":"image\/jpeg"}],"twitter_card":"summary_large_image","twitter_misc":{"Estimated reading time":"1 minute"},"schema":{"@context":"https:\/\/schema.org","@graph":[{"@type":"WebPage","@id":"https:\/\/tohora-import.com\/capsules-tohora\/","url":"https:\/\/tohora-import.com\/capsules-tohora\/","name":"Capsules \u00aeTohora - Tohora the Finest Textile in this world","isPartOf":{"@id":"https:\/\/tohora-import.com\/#website"},"primaryImageOfPage":{"@id":"https:\/\/tohora-import.com\/capsules-tohora\/#primaryimage"},"image":{"@id":"https:\/\/tohora-import.com\/capsules-tohora\/#primaryimage"},"thumbnailUrl":"https:\/\/tohora-import.com\/wp-content\/uploads\/2025\/07\/Katan-Chiniya-Satin--scaled.jpeg","datePublished":"2025-07-16T08:22:39+00:00","dateModified":"2025-07-25T11:37:18+00:00","breadcrumb":{"@id":"https:\/\/tohora-import.com\/capsules-tohora\/#breadcrumb"},"inLanguage":"en-GB","potentialAction":[{"@type":"ReadAction","target":["https:\/\/tohora-import.com\/capsules-tohora\/"]}]},{"@type":"ImageObject","inLanguage":"en-GB","@id":"https:\/\/tohora-import.com\/capsules-tohora\/#primaryimage","url":"https:\/\/tohora-import.com\/wp-content\/uploads\/2025\/07\/Katan-Chiniya-Satin--scaled.jpeg","contentUrl":"https:\/\/tohora-import.com\/wp-content\/uploads\/2025\/07\/Katan-Chiniya-Satin--scaled.jpeg","width":1920,"height":2560},{"@type":"BreadcrumbList","@id":"https:\/\/tohora-import.com\/capsules-tohora\/#breadcrumb","itemListElement":[{"@type":"ListItem","position":1,"name":"Accueil","item":"https:\/\/tohora-import.com\/"},{"@type":"ListItem","position":2,"name":"Capsules \u00aeTohora"}]},{"@type":"WebSite","@id":"https:\/\/tohora-import.com\/#website","url":"https:\/\/tohora-import.com\/","name":"Tohora the Finest Silk in this world","description":"Tohora the Finest textile in this world","publisher":{"@id":"https:\/\/tohora-import.com\/#organization"},"potentialAction":[{"@type":"SearchAction","target":{"@type":"EntryPoint","urlTemplate":"https:\/\/tohora-import.com\/?s={search_term_string}"},"query-input":{"@type":"PropertyValueSpecification","valueRequired":true,"valueName":"search_term_string"}}],"inLanguage":"en-GB"},{"@type":"Organization","@id":"https:\/\/tohora-import.com\/#organization","name":"Tohora the Finest Silk in this world","url":"https:\/\/tohora-import.com\/","logo":{"@type":"ImageObject","inLanguage":"en-GB","@id":"https:\/\/tohora-import.com\/#\/schema\/logo\/image\/","url":"https:\/\/tohora-import.com\/wp-content\/uploads\/2025\/06\/TohoraImport.jpeg","contentUrl":"https:\/\/tohora-import.com\/wp-content\/uploads\/2025\/06\/TohoraImport.jpeg","width":531,"height":499,"caption":"Tohora the Finest Silk in this world"},"image":{"@id":"https:\/\/tohora-import.com\/#\/schema\/logo\/image\/"},"sameAs":["https:\/\/www.facebook.com\/TohoraFineSilk\/","https:\/\/www.pinterest.com\/TohoraImport\/","https:\/\/www.instagram.com\/tohora_fine_silk\/","https:\/\/www.linkedin.com\/company\/tohora-import\/","https:\/\/www.youtube.com\/@TOHORA_Luxembourg"]}]}},"_links":{"self":[{"href":"https:\/\/tohora-import.com\/en\/wp-json\/wp\/v2\/pages\/10266","targetHints":{"allow":["GET"]}}],"collection":[{"href":"https:\/\/tohora-import.com\/en\/wp-json\/wp\/v2\/pages"}],"about":[{"href":"https:\/\/tohora-import.com\/en\/wp-json\/wp\/v2\/types\/page"}],"author":[{"embeddable":true,"href":"https:\/\/tohora-import.com\/en\/wp-json\/wp\/v2\/users\/2"}],"replies":[{"embeddable":true,"href":"https:\/\/tohora-import.com\/en\/wp-json\/wp\/v2\/comments?post=10266"}],"version-history":[{"count":58,"href":"https:\/\/tohora-import.com\/en\/wp-json\/wp\/v2\/pages\/10266\/revisions"}],"predecessor-version":[{"id":11165,"href":"https:\/\/tohora-import.com\/en\/wp-json\/wp\/v2\/pages\/10266\/revisions\/11165"}],"wp:featuredmedia":[{"embeddable":true,"href":"https:\/\/tohora-import.com\/en\/wp-json\/wp\/v2\/media\/10871"}],"wp:attachment":[{"href":"https:\/\/tohora-import.com\/en\/wp-json\/wp\/v2\/media?parent=10266"}],"curies":[{"name":"wp","href":"https:\/\/api.w.org\/{rel}","templated":true}]}}