{"id":10252,"date":"2025-07-15T20:06:41","date_gmt":"2025-07-15T18:06:41","guid":{"rendered":"https:\/\/tohora-import.com\/?page_id=10252"},"modified":"2025-12-19T09:56:24","modified_gmt":"2025-12-19T08:56:24","slug":"inscription-particulier","status":"publish","type":"page","link":"https:\/\/tohora-import.com\/en\/inscription-particulier\/","title":{"rendered":"Individual Registration"},"content":{"rendered":"<div data-elementor-type=\"wp-page\" data-elementor-id=\"10252\" class=\"elementor elementor-10252\">\n\t\t\t\t<div class=\"elementor-element elementor-element-59f491e e-flex e-con-boxed e-con e-parent\" data-id=\"59f491e\" data-element_type=\"container\" data-e-type=\"container\">\n\t\t\t\t\t<div class=\"e-con-inner\">\n\t\t\t\t<div class=\"elementor-element elementor-element-67aaa6a elementor-widget elementor-widget-text-editor\" data-id=\"67aaa6a\" data-element_type=\"widget\" data-e-type=\"widget\" data-widget_type=\"text-editor.default\">\n\t\t\t\t<div class=\"elementor-widget-container\">\n\t\t\t\t\t\t\t\t\t<p>We collaborate with interior designers and fashion designers. Please do not hesitate to contact us so that we can put you in touch with them according to your projects.<\/p><p>You will also find below:<\/p>\t\t\t\t\t\t\t\t<\/div>\n\t\t\t\t<\/div>\n\t\t\t\t\t<\/div>\n\t\t\t\t<\/div>\n\t\t<div class=\"elementor-element elementor-element-fd5827a e-flex e-con-boxed e-con e-parent\" data-id=\"fd5827a\" data-element_type=\"container\" data-e-type=\"container\">\n\t\t\t\t\t<div class=\"e-con-inner\">\n\t\t<div class=\"elementor-element elementor-element-9dc740f e-con-full e-flex e-con e-child\" data-id=\"9dc740f\" data-element_type=\"container\" data-e-type=\"container\">\n\t\t\t\t<div class=\"elementor-element elementor-element-a5041fd elementor-widget elementor-widget-text-editor\" data-id=\"a5041fd\" data-element_type=\"widget\" data-e-type=\"widget\" data-widget_type=\"text-editor.default\">\n\t\t\t\t<div class=\"elementor-widget-container\">\n\t\t\t\t\t\t\t\t\t<p>The path to our distributors \u2014&gt;\u00a0<\/p>\t\t\t\t\t\t\t\t<\/div>\n\t\t\t\t<\/div>\n\t\t\t\t<\/div>\n\t\t<div class=\"elementor-element elementor-element-4f7ddf1 e-con-full e-flex e-con e-child\" data-id=\"4f7ddf1\" data-element_type=\"container\" data-e-type=\"container\">\n\t\t\t\t<div class=\"elementor-element elementor-element-07a10a3 elementor-button-info elementor-widget elementor-widget-button\" data-id=\"07a10a3\" data-element_type=\"widget\" data-e-type=\"widget\" data-widget_type=\"button.default\">\n\t\t\t\t<div class=\"elementor-widget-container\">\n\t\t\t\t\t\t\t\t\t<div class=\"elementor-button-wrapper\">\n\t\t\t\t\t<a class=\"elementor-button elementor-button-link elementor-size-sm\" href=\"https:\/\/tohora-import.com\/en\/point-de-ventes\/\">\n\t\t\t\t\t\t<span class=\"elementor-button-content-wrapper\">\n\t\t\t\t\t\t\t\t\t<span class=\"elementor-button-text\">List of our distributors and partners<\/span>\n\t\t\t\t\t<\/span>\n\t\t\t\t\t<\/a>\n\t\t\t\t<\/div>\n\t\t\t\t\t\t\t\t<\/div>\n\t\t\t\t<\/div>\n\t\t\t\t<\/div>\n\t\t\t\t\t<\/div>\n\t\t\t\t<\/div>\n\t\t<div class=\"elementor-element elementor-element-afd7b2a e-flex e-con-boxed e-con e-parent\" data-id=\"afd7b2a\" data-element_type=\"container\" data-e-type=\"container\">\n\t\t\t\t\t<div class=\"e-con-inner\">\n\t\t\t\t\t<\/div>\n\t\t\t\t<\/div>\n\t\t<div class=\"elementor-element elementor-element-d46e9f1 e-flex e-con-boxed e-con e-parent\" data-id=\"d46e9f1\" data-element_type=\"container\" data-e-type=\"container\">\n\t\t\t\t\t<div class=\"e-con-inner\">\n\t\t\t\t<div class=\"elementor-element elementor-element-01ed3bc elementor-widget elementor-widget-pt_form_cf7\" data-id=\"01ed3bc\" data-element_type=\"widget\" data-e-type=\"widget\" data-widget_type=\"pt_form_cf7.default\">\n\t\t\t\t<div class=\"elementor-widget-container\">\n\t\t\t\t\t            <div class=\"pt-form-cf7 placeholder-normal\">\n                <div class=\"pt-form-cf7-wrap\">\n<div class=\"wpcf7 no-js\" id=\"wpcf7-f10242-o1\" lang=\"fr-FR\" dir=\"ltr\" data-wpcf7-id=\"10242\">\n<div class=\"screen-reader-response\"><p role=\"status\" aria-live=\"polite\" aria-atomic=\"true\"><\/p> <ul><\/ul><\/div>\n<form action=\"\/en\/wp-json\/wp\/v2\/pages\/10252#wpcf7-f10242-o1\" method=\"post\" class=\"wpcf7-form init\" aria-label=\"Formulaire de contact\" novalidate=\"novalidate\" data-status=\"init\" data-trp-original-action=\"\/en\/wp-json\/wp\/v2\/pages\/10252#wpcf7-f10242-o1\">\n<fieldset class=\"hidden-fields-container\"><input type=\"hidden\" name=\"_wpcf7\" value=\"10242\" \/><input type=\"hidden\" name=\"_wpcf7_version\" value=\"6.1.5\" \/><input type=\"hidden\" name=\"_wpcf7_locale\" value=\"fr_FR\" \/><input type=\"hidden\" name=\"_wpcf7_unit_tag\" value=\"wpcf7-f10242-o1\" \/><input type=\"hidden\" name=\"_wpcf7_container_post\" value=\"0\" \/><input type=\"hidden\" name=\"_wpcf7_posted_data_hash\" value=\"\" \/>\n<\/fieldset>\n<p>You are an individual\n<\/p>\n<p><label> Your name*:<br \/>\n<span class=\"wpcf7-form-control-wrap\" data-name=\"your-name\"><input size=\"40\" maxlength=\"400\" class=\"wpcf7-form-control wpcf7-text wpcf7-validates-as-required\" autocomplete=\"name\" aria-required=\"true\" aria-invalid=\"false\" value=\"\" type=\"text\" name=\"your-name\" \/><\/span> <\/label>\n<\/p>\n<p><label> Your first name*:<br \/>\n<span class=\"wpcf7-form-control-wrap\" data-name=\"your-surname\"><input size=\"40\" maxlength=\"400\" class=\"wpcf7-form-control wpcf7-text wpcf7-validates-as-required\" autocomplete=\"name\" aria-required=\"true\" aria-invalid=\"false\" value=\"\" type=\"text\" name=\"your-surname\" \/><\/span> <\/label>\n<\/p>\n<p><label> You are already in contact with a partner for the implementation of your project (Company):<br \/>\n<span class=\"wpcf7-form-control-wrap\" data-name=\"your-company\"><input size=\"40\" maxlength=\"400\" class=\"wpcf7-form-control wpcf7-text\" autocomplete=\"name\" aria-invalid=\"false\" value=\"\" type=\"text\" name=\"your-company\" \/><\/span> <\/label>\n<\/p>\n<p>Your Project* (click for drop-down menu):<br \/>\n<span class=\"wpcf7-form-control-wrap\" data-name=\"Your-job-description\"><select class=\"wpcf7-form-control wpcf7-select wpcf7-validates-as-required\" aria-required=\"true\" aria-invalid=\"false\" name=\"Your-job-description\"><option value=\"Meuble en collaboration avec Tapissier Artisan\">Meuble en collaboration avec Tapissier Artisan<\/option><option value=\"D\u00e9coration de votre Int\u00e9rieur avec Tapissier et\/ou D\u00e9corateur\">D\u00e9coration de votre Int\u00e9rieur avec Tapissier et\/ou D\u00e9corateur<\/option><option value=\"Meuble en collaboration avec Fabricant Meubles Canap\u00e9s\">Meuble en collaboration avec Fabricant Meubles Canap\u00e9s<\/option><option value=\"D\u00e9coration Rideaux en collaboration avec Magasin Rideaux\">D\u00e9coration Rideaux en collaboration avec Magasin Rideaux<\/option><option value=\"Projet en collaboration avec Couturi\u00e8re ou Magasin V\u00eatements\">Projet en collaboration avec Couturi\u00e8re ou Magasin V\u00eatements<\/option><\/select><\/span>\n<\/p>\n<p>Your address<br \/>\n<span class=\"wpcf7-form-control-wrap\" data-name=\"Votre-Adresse\"><textarea cols=\"40\" rows=\"10\" maxlength=\"2000\" class=\"wpcf7-form-control wpcf7-textarea\" aria-invalid=\"false\" name=\"Votre-Adresse\"><\/textarea><\/span>\n<\/p>\n<p>Address:<br \/>\n<span class=\"wpcf7-form-control-wrap\" data-name=\"complement-Adresse\"><textarea cols=\"40\" rows=\"10\" maxlength=\"2000\" class=\"wpcf7-form-control wpcf7-textarea\" aria-invalid=\"false\" name=\"complement-Adresse\"><\/textarea><\/span>\n<\/p>\n<p>Post code<br \/>\n<span class=\"wpcf7-form-control-wrap\" data-name=\"Code-postal\"><input size=\"40\" maxlength=\"400\" class=\"wpcf7-form-control wpcf7-text wpcf7-validates-as-required\" aria-required=\"true\" aria-invalid=\"false\" value=\"\" type=\"text\" name=\"Code-postal\" \/><\/span>\n<\/p>\n<p>Town*<br \/>\n<span class=\"wpcf7-form-control-wrap\" data-name=\"Your-Town\"><input size=\"40\" maxlength=\"400\" class=\"wpcf7-form-control wpcf7-text wpcf7-validates-as-required\" aria-required=\"true\" aria-invalid=\"false\" value=\"\" type=\"text\" name=\"Your-Town\" \/><\/span>\n<\/p>\n<p>Country* (click for drop-down menu)<br \/>\n<span class=\"wpcf7-form-control-wrap\" data-name=\"select-pays\"><select class=\"wpcf7-form-control wpcf7-select wpcf7-validates-as-required\" aria-required=\"true\" aria-invalid=\"false\" name=\"select-pays\"><option value=\"France\">France<\/option><option value=\"Monaco\">Monaco<\/option><option value=\"Luxembourg\">Luxembourg<\/option><option value=\"Allemagne\">Allemagne<\/option><option value=\"Andorre\">Andorre<\/option><option value=\"Autriche\">Autriche<\/option><option value=\"Belgique\">Belgique<\/option><option value=\"Danemark\">Danemark<\/option><option value=\"Espagne\">Espagne<\/option><option value=\"Irlande\">Irlande<\/option><option value=\"Italie\">Italie<\/option><option value=\"Liechtenstein\">Liechtenstein<\/option><option value=\"Norv\u00e8ge\">Norv\u00e8ge<\/option><option value=\"Pays-Bas\">Pays-Bas<\/option><option value=\"Portugal\">Portugal<\/option><option value=\"Royaume Uni\">Royaume Uni<\/option><option value=\"Suisse\">Suisse<\/option><option value=\"Su\u00e8de\">Su\u00e8de<\/option><\/select><\/span>\n<\/p>\n<p>URL Site Web de votre partenaire artisan<br \/>\n<span class=\"wpcf7-form-control-wrap\" data-name=\"url-Site-web\"><input size=\"40\" maxlength=\"400\" class=\"wpcf7-form-control wpcf7-url wpcf7-text wpcf7-validates-as-url\" aria-invalid=\"false\" placeholder=\"www.mywebsite.com\" value=\"\" type=\"url\" name=\"url-Site-web\" \/><\/span>\n<\/p>\n<p><label> Your e-mail*<br \/>\n<span class=\"wpcf7-form-control-wrap\" data-name=\"your-email\"><input size=\"40\" maxlength=\"400\" class=\"wpcf7-form-control wpcf7-email wpcf7-validates-as-required wpcf7-text wpcf7-validates-as-email\" autocomplete=\"email\" aria-required=\"true\" aria-invalid=\"false\" value=\"\" type=\"email\" name=\"your-email\" \/><\/span> <\/label>\n<\/p>\n<p>Mobile phone*<br \/>\n<span class=\"wpcf7-form-control-wrap\" data-name=\"tel-portable\"><input size=\"40\" maxlength=\"400\" class=\"wpcf7-form-control wpcf7-tel wpcf7-validates-as-required wpcf7-text wpcf7-validates-as-tel\" aria-required=\"true\" aria-invalid=\"false\" value=\"\" type=\"tel\" name=\"tel-portable\" \/><\/span>\n<\/p>\n<p>Landline or Other Contact Phone Number<br \/>\n<span class=\"wpcf7-form-control-wrap\" data-name=\"tel-fixe\"><input size=\"40\" maxlength=\"400\" class=\"wpcf7-form-control wpcf7-tel wpcf7-text wpcf7-validates-as-tel\" aria-invalid=\"false\" value=\"\" type=\"tel\" name=\"tel-fixe\" \/><\/span>\n<\/p>\n<p>Leave us a message, and we will get back to you as soon as possible:<br \/>\n<label> Subject<br \/>\n<span class=\"wpcf7-form-control-wrap\" data-name=\"your-subject\"><input size=\"40\" maxlength=\"400\" class=\"wpcf7-form-control wpcf7-text wpcf7-validates-as-required\" aria-required=\"true\" aria-invalid=\"false\" value=\"\" type=\"text\" name=\"your-subject\" \/><\/span> <\/label>\n<\/p>\n<p><label> Your message<br \/>\n<span class=\"wpcf7-form-control-wrap\" data-name=\"your-message\"><textarea cols=\"40\" rows=\"10\" maxlength=\"2000\" class=\"wpcf7-form-control wpcf7-textarea\" aria-invalid=\"false\" name=\"your-message\"><\/textarea><\/span> <\/label>\n<\/p>\n<p><span class=\"wpcf7-form-control-wrap\" data-name=\"acceptance-politique-de-confidentialite\"><span class=\"wpcf7-form-control wpcf7-acceptance\"><span class=\"wpcf7-list-item\"><label><input type=\"checkbox\" name=\"acceptance-politique-de-confidentialite\" value=\"1\" aria-invalid=\"false\" \/><span class=\"wpcf7-list-item-label\">I agree to my information being used in connection with my request, in accordance with our privacy policy.<\/span><\/label><\/span><\/span><\/span>\n<\/p>\n<p><span class=\"wpcf7-form-control-wrap\" data-name=\"acceptance-GDPR\"><span class=\"wpcf7-form-control wpcf7-acceptance\"><span class=\"wpcf7-list-item\"><label><input type=\"checkbox\" name=\"acceptance-GDPR\" value=\"1\" aria-invalid=\"false\" \/><span class=\"wpcf7-list-item-label\">I have read and agree to the terms of the GDPR.<\/span><\/label><\/span><\/span><\/span>\n<\/p>\n<p><span class=\"wpcf7-form-control-wrap\" data-name=\"acceptance-Newsletter\"><span class=\"wpcf7-form-control wpcf7-acceptance optional\"><span class=\"wpcf7-list-item\"><label><input type=\"checkbox\" name=\"acceptance-Newsletter\" value=\"1\" aria-invalid=\"false\" \/><span class=\"wpcf7-list-item-label\">I would like to receive the Tohora newsletter.<\/span><\/label><\/span><\/span><\/span>\n<\/p>\n<p><input class=\"wpcf7-form-control wpcf7-submit has-spinner\" type=\"submit\" value=\"Send\" \/>\n<\/p><div class=\"wpcf7-response-output\" aria-hidden=\"true\"><\/div>\n<input type=\"hidden\" name=\"trp-form-language\" value=\"en\"\/><\/form>\n<\/div>\n<\/div>\n            <\/div>\t\t\t\t<\/div>\n\t\t\t\t<\/div>\n\t\t\t\t\t<\/div>\n\t\t\t\t<\/div>\n\t\t\t\t<\/div>","protected":false},"excerpt":{"rendered":"<p>Nous collaborons avec des cr\u00e9ateurs d&rsquo;int\u00e9rieur et de mode. N&rsquo;h\u00e9sitez pas \u00e0 nous contacter pour que nous puissions vous mettre en relation avec eux selon vos projets. Egalement vous trouverez ci-dessous: Le chemin vers nos distributeurs &#8212;&gt;\u00a0 Liste de nos d\u00e9positaires et partenaires Vous \u00eates un Particulier Votre nom*: Votre Pr\u00e9nom*: Vous \u00eates d\u00e9j\u00e0 en &#8230;<\/p>","protected":false},"author":2,"featured_media":0,"parent":0,"menu_order":0,"comment_status":"closed","ping_status":"closed","template":"template-wide-content.php","meta":{"patiotime_single_page_hide_site_header":"","patiotime_single_page_site_header_source":"","patiotime_single_page_custom_site_header":"0","patiotime_single_page_custom_sticky_site_header":"0","patiotime_single_page_custom_page_title_margin_top_source":"","patiotime_single_page_custom_page_title_desktop_margin_top":"","patiotime_single_page_custom_page_title_tablet_margin_top":"","patiotime_single_page_custom_page_title_mobile_margin_top":"","patiotime_single_page_hide_page_title":"","patiotime_single_page_header_section_size":"","patiotime_single_page_header_background_color":"","patiotime_single_page_header_background_position_x":"center","patiotime_single_page_header_background_position_y":"center","patiotime_single_page_header_background_size":"cover","patiotime_single_page_header_background_repeat":"off","patiotime_single_page_header_background_scroll":"on","patiotime_single_page_header_text_color":"","patiotime_single_page_header_show_breadcrumb":"","patiotime_single_page_site_footer_hide_main":"","patiotime_single_custom_site_footer_main_source":"","patiotime_single_custom_site_footer_main":"0","patiotime_single_page_site_footer_hide_above":"","patiotime_single_custom_site_footer_above_source":"","patiotime_single_custom_site_footer_above":"0","patiotime_single_page_site_footer_hide_instagram":"","patiotime_single_page_site_footer_hide_bottom":"","patiotime_single_custom_mobile_menu_source":"","patiotime_single_custom_mobile_menu":"0","patiotime_single_custom_mobile_menu_animation":"","patiotime_single_custom_mobile_menu_width":"","patiotime_single_custom_mobile_menu_custom_width":375,"footnotes":""},"class_list":["post-10252","page","type-page","status-publish","hentry"],"yoast_head":"<!-- This site is optimized with the Yoast SEO plugin v27.4 - https:\/\/yoast.com\/product\/yoast-seo-wordpress\/ -->\n<title>Inscription Particulier - Tohora the Finest Textile in this world<\/title>\n<meta name=\"robots\" content=\"index, follow, max-snippet:-1, max-image-preview:large, max-video-preview:-1\" \/>\n<link rel=\"canonical\" href=\"https:\/\/tohora-import.com\/en\/inscription-particulier\/\" \/>\n<meta property=\"og:locale\" content=\"en_GB\" \/>\n<meta property=\"og:type\" content=\"article\" \/>\n<meta property=\"og:title\" content=\"Inscription Particulier - Tohora the Finest Textile in this world\" \/>\n<meta property=\"og:description\" content=\"Nous collaborons avec des cr\u00e9ateurs d&rsquo;int\u00e9rieur et de mode. N&rsquo;h\u00e9sitez pas \u00e0 nous contacter pour que nous puissions vous mettre en relation avec eux selon vos projets. Egalement vous trouverez ci-dessous: Le chemin vers nos distributeurs &#8212;&gt;\u00a0 Liste de nos d\u00e9positaires et partenaires Vous \u00eates un Particulier Votre nom*: Votre Pr\u00e9nom*: Vous \u00eates d\u00e9j\u00e0 en ...\" \/>\n<meta property=\"og:url\" content=\"https:\/\/tohora-import.com\/en\/inscription-particulier\/\" \/>\n<meta property=\"og:site_name\" content=\"Tohora the Finest Textile in this world\" \/>\n<meta property=\"article:publisher\" content=\"https:\/\/www.facebook.com\/TohoraFineSilk\/\" \/>\n<meta property=\"article:modified_time\" content=\"2025-12-19T08:56:24+00:00\" \/>\n<meta name=\"twitter:card\" content=\"summary_large_image\" \/>\n<meta name=\"twitter:label1\" content=\"Estimated reading time\" \/>\n\t<meta name=\"twitter:data1\" content=\"2 minutes\" \/>\n<script type=\"application\/ld+json\" class=\"yoast-schema-graph\">{\"@context\":\"https:\\\/\\\/schema.org\",\"@graph\":[{\"@type\":\"WebPage\",\"@id\":\"https:\\\/\\\/tohora-import.com\\\/inscription-particulier\\\/\",\"url\":\"https:\\\/\\\/tohora-import.com\\\/inscription-particulier\\\/\",\"name\":\"Inscription Particulier - Tohora the Finest Textile in this world\",\"isPartOf\":{\"@id\":\"https:\\\/\\\/tohora-import.com\\\/#website\"},\"datePublished\":\"2025-07-15T18:06:41+00:00\",\"dateModified\":\"2025-12-19T08:56:24+00:00\",\"breadcrumb\":{\"@id\":\"https:\\\/\\\/tohora-import.com\\\/inscription-particulier\\\/#breadcrumb\"},\"inLanguage\":\"en-GB\",\"potentialAction\":[{\"@type\":\"ReadAction\",\"target\":[\"https:\\\/\\\/tohora-import.com\\\/inscription-particulier\\\/\"]}]},{\"@type\":\"BreadcrumbList\",\"@id\":\"https:\\\/\\\/tohora-import.com\\\/inscription-particulier\\\/#breadcrumb\",\"itemListElement\":[{\"@type\":\"ListItem\",\"position\":1,\"name\":\"Accueil\",\"item\":\"https:\\\/\\\/tohora-import.com\\\/\"},{\"@type\":\"ListItem\",\"position\":2,\"name\":\"Inscription Particulier\"}]},{\"@type\":\"WebSite\",\"@id\":\"https:\\\/\\\/tohora-import.com\\\/#website\",\"url\":\"https:\\\/\\\/tohora-import.com\\\/\",\"name\":\"Tohora the Finest Silk in this world\",\"description\":\"Tohora the Finest textile in this world\",\"publisher\":{\"@id\":\"https:\\\/\\\/tohora-import.com\\\/#organization\"},\"potentialAction\":[{\"@type\":\"SearchAction\",\"target\":{\"@type\":\"EntryPoint\",\"urlTemplate\":\"https:\\\/\\\/tohora-import.com\\\/?s={search_term_string}\"},\"query-input\":{\"@type\":\"PropertyValueSpecification\",\"valueRequired\":true,\"valueName\":\"search_term_string\"}}],\"inLanguage\":\"en-GB\"},{\"@type\":\"Organization\",\"@id\":\"https:\\\/\\\/tohora-import.com\\\/#organization\",\"name\":\"Tohora the Finest Silk in this world\",\"url\":\"https:\\\/\\\/tohora-import.com\\\/\",\"logo\":{\"@type\":\"ImageObject\",\"inLanguage\":\"en-GB\",\"@id\":\"https:\\\/\\\/tohora-import.com\\\/#\\\/schema\\\/logo\\\/image\\\/\",\"url\":\"https:\\\/\\\/tohora-import.com\\\/wp-content\\\/uploads\\\/2025\\\/06\\\/TohoraImport.jpeg\",\"contentUrl\":\"https:\\\/\\\/tohora-import.com\\\/wp-content\\\/uploads\\\/2025\\\/06\\\/TohoraImport.jpeg\",\"width\":531,\"height\":499,\"caption\":\"Tohora the Finest Silk in this world\"},\"image\":{\"@id\":\"https:\\\/\\\/tohora-import.com\\\/#\\\/schema\\\/logo\\\/image\\\/\"},\"sameAs\":[\"https:\\\/\\\/www.facebook.com\\\/TohoraFineSilk\\\/\",\"https:\\\/\\\/www.pinterest.com\\\/TohoraImport\\\/\",\"https:\\\/\\\/www.instagram.com\\\/tohora_fine_silk\\\/\",\"https:\\\/\\\/www.linkedin.com\\\/company\\\/tohora-import\\\/\",\"https:\\\/\\\/www.youtube.com\\\/@TOHORA_Luxembourg\"]}]}<\/script>\n<!-- \/ Yoast SEO plugin. -->","yoast_head_json":{"title":"Inscription Particulier - Tohora the Finest Textile in this world","robots":{"index":"index","follow":"follow","max-snippet":"max-snippet:-1","max-image-preview":"max-image-preview:large","max-video-preview":"max-video-preview:-1"},"canonical":"https:\/\/tohora-import.com\/en\/inscription-particulier\/","og_locale":"en_GB","og_type":"article","og_title":"Inscription Particulier - Tohora the Finest Textile in this world","og_description":"Nous collaborons avec des cr\u00e9ateurs d&rsquo;int\u00e9rieur et de mode. N&rsquo;h\u00e9sitez pas \u00e0 nous contacter pour que nous puissions vous mettre en relation avec eux selon vos projets. Egalement vous trouverez ci-dessous: Le chemin vers nos distributeurs &#8212;&gt;\u00a0 Liste de nos d\u00e9positaires et partenaires Vous \u00eates un Particulier Votre nom*: Votre Pr\u00e9nom*: Vous \u00eates d\u00e9j\u00e0 en ...","og_url":"https:\/\/tohora-import.com\/en\/inscription-particulier\/","og_site_name":"Tohora the Finest Textile in this world","article_publisher":"https:\/\/www.facebook.com\/TohoraFineSilk\/","article_modified_time":"2025-12-19T08:56:24+00:00","twitter_card":"summary_large_image","twitter_misc":{"Estimated reading time":"2 minutes"},"schema":{"@context":"https:\/\/schema.org","@graph":[{"@type":"WebPage","@id":"https:\/\/tohora-import.com\/inscription-particulier\/","url":"https:\/\/tohora-import.com\/inscription-particulier\/","name":"Inscription Particulier - Tohora the Finest Textile in this world","isPartOf":{"@id":"https:\/\/tohora-import.com\/#website"},"datePublished":"2025-07-15T18:06:41+00:00","dateModified":"2025-12-19T08:56:24+00:00","breadcrumb":{"@id":"https:\/\/tohora-import.com\/inscription-particulier\/#breadcrumb"},"inLanguage":"en-GB","potentialAction":[{"@type":"ReadAction","target":["https:\/\/tohora-import.com\/inscription-particulier\/"]}]},{"@type":"BreadcrumbList","@id":"https:\/\/tohora-import.com\/inscription-particulier\/#breadcrumb","itemListElement":[{"@type":"ListItem","position":1,"name":"Accueil","item":"https:\/\/tohora-import.com\/"},{"@type":"ListItem","position":2,"name":"Inscription Particulier"}]},{"@type":"WebSite","@id":"https:\/\/tohora-import.com\/#website","url":"https:\/\/tohora-import.com\/","name":"Tohora the Finest Silk in this world","description":"Tohora the Finest textile in this world","publisher":{"@id":"https:\/\/tohora-import.com\/#organization"},"potentialAction":[{"@type":"SearchAction","target":{"@type":"EntryPoint","urlTemplate":"https:\/\/tohora-import.com\/?s={search_term_string}"},"query-input":{"@type":"PropertyValueSpecification","valueRequired":true,"valueName":"search_term_string"}}],"inLanguage":"en-GB"},{"@type":"Organization","@id":"https:\/\/tohora-import.com\/#organization","name":"Tohora the Finest Silk in this world","url":"https:\/\/tohora-import.com\/","logo":{"@type":"ImageObject","inLanguage":"en-GB","@id":"https:\/\/tohora-import.com\/#\/schema\/logo\/image\/","url":"https:\/\/tohora-import.com\/wp-content\/uploads\/2025\/06\/TohoraImport.jpeg","contentUrl":"https:\/\/tohora-import.com\/wp-content\/uploads\/2025\/06\/TohoraImport.jpeg","width":531,"height":499,"caption":"Tohora the Finest Silk in this world"},"image":{"@id":"https:\/\/tohora-import.com\/#\/schema\/logo\/image\/"},"sameAs":["https:\/\/www.facebook.com\/TohoraFineSilk\/","https:\/\/www.pinterest.com\/TohoraImport\/","https:\/\/www.instagram.com\/tohora_fine_silk\/","https:\/\/www.linkedin.com\/company\/tohora-import\/","https:\/\/www.youtube.com\/@TOHORA_Luxembourg"]}]}},"_links":{"self":[{"href":"https:\/\/tohora-import.com\/en\/wp-json\/wp\/v2\/pages\/10252","targetHints":{"allow":["GET"]}}],"collection":[{"href":"https:\/\/tohora-import.com\/en\/wp-json\/wp\/v2\/pages"}],"about":[{"href":"https:\/\/tohora-import.com\/en\/wp-json\/wp\/v2\/types\/page"}],"author":[{"embeddable":true,"href":"https:\/\/tohora-import.com\/en\/wp-json\/wp\/v2\/users\/2"}],"replies":[{"embeddable":true,"href":"https:\/\/tohora-import.com\/en\/wp-json\/wp\/v2\/comments?post=10252"}],"version-history":[{"count":13,"href":"https:\/\/tohora-import.com\/en\/wp-json\/wp\/v2\/pages\/10252\/revisions"}],"predecessor-version":[{"id":11940,"href":"https:\/\/tohora-import.com\/en\/wp-json\/wp\/v2\/pages\/10252\/revisions\/11940"}],"wp:attachment":[{"href":"https:\/\/tohora-import.com\/en\/wp-json\/wp\/v2\/media?parent=10252"}],"curies":[{"name":"wp","href":"https:\/\/api.w.org\/{rel}","templated":true}]}}