{"id":10148,"date":"2025-07-11T14:24:38","date_gmt":"2025-07-11T12:24:38","guid":{"rendered":"https:\/\/tohora-import.com\/?page_id=10148"},"modified":"2025-12-01T16:16:46","modified_gmt":"2025-12-01T15:16:46","slug":"votre-objet-est-unique","status":"publish","type":"page","link":"https:\/\/tohora-import.com\/en\/votre-objet-est-unique\/","title":{"rendered":"Your creation is unique"},"content":{"rendered":"<div data-elementor-type=\"wp-page\" data-elementor-id=\"10148\" class=\"elementor elementor-10148\">\n\t\t\t\t<div class=\"elementor-element elementor-element-667562e e-flex e-con-boxed e-con e-parent\" data-id=\"667562e\" data-element_type=\"container\" data-e-type=\"container\">\n\t\t\t\t\t<div class=\"e-con-inner\">\n\t\t<div class=\"elementor-element elementor-element-ed46228 e-con-full e-flex e-con e-child\" data-id=\"ed46228\" data-element_type=\"container\" data-e-type=\"container\">\n\t\t\t\t<div class=\"elementor-element elementor-element-be6de2f elementor-widget elementor-widget-text-editor\" data-id=\"be6de2f\" data-element_type=\"widget\" data-e-type=\"widget\" data-widget_type=\"text-editor.default\">\n\t\t\t\t<div class=\"elementor-widget-container\">\n\t\t\t\t\t\t\t\t\t<h3>Unique and transferable<\/h3><p>What if your furniture was the result of a journey?<\/p><p>The journey of silk thread passes through the hands of weavers in a region chosen for its culture, weaving methods, dyeing techniques, and fine embroidery, then into the hands of an artisan who will cover your Voltaire chair or create a piece to display on your living room wall.<\/p><p>What if this object created for you could also be conveyed in images and text?<\/p><p>I will assist you in purchasing your silk textiles, then creating and printing a travel book, from the hand weaver to the finished piece of furniture, giving the product you order a unique identity.<\/p><p>Are you interested?<\/p><p>Tohora offers this unique service, available by quote only, immortalizing the exclusive journey with photo editing and stories for a one-of-a-kind offering that tells the story of your fabric from its creation to the finished piece of furniture or artwork.<\/p>\t\t\t\t\t\t\t\t<\/div>\n\t\t\t\t<\/div>\n\t\t\t\t<\/div>\n\t\t<div class=\"elementor-element elementor-element-ded5730 e-con-full e-flex e-con e-child\" data-id=\"ded5730\" data-element_type=\"container\" data-e-type=\"container\">\n\t\t\t\t<div class=\"elementor-element elementor-element-1abcf9c elementor-widget elementor-widget-text-editor\" data-id=\"1abcf9c\" data-element_type=\"widget\" data-e-type=\"widget\" data-widget_type=\"text-editor.default\">\n\t\t\t\t<div class=\"elementor-widget-container\">\n\t\t\t\t\t\t\t\t\t<h3>Unique and transferable<\/h3><p>What if your outfit was the result of a journey?<\/p><p>The journey of silk thread passes through the hands of weavers in a region chosen for its culture, weaving methods, dyeing techniques, and fine embroidery, then into the hands of artisans who will craft couture dresses that will enhance your figure.<\/p><p>What if this outfit created for you could also be conveyed in images and text?<\/p><p>I will assist you in purchasing your silk textiles, then creating and printing a travel book, from the hand weaver to the finished garment, giving the product you order a unique identity.<\/p><p>Are you interested?<\/p><p>Tohora offers this unique service, available by quote only, immortalizing your exclusive journey with photo editing and storytelling for a one-of-a-kind offering that tells the story of your fabric from its creation to the couture garment by your fashion designer.<\/p>\t\t\t\t\t\t\t\t<\/div>\n\t\t\t\t<\/div>\n\t\t\t\t<\/div>\n\t\t\t\t\t<\/div>\n\t\t\t\t<\/div>\n\t\t<div class=\"elementor-element elementor-element-0294998 e-flex e-con-boxed e-con e-parent\" data-id=\"0294998\" data-element_type=\"container\" data-e-type=\"container\">\n\t\t\t\t\t<div class=\"e-con-inner\">\n\t\t\t\t\t<\/div>\n\t\t\t\t<\/div>\n\t\t<div class=\"elementor-element elementor-element-9b153a2 e-flex e-con-boxed e-con e-parent\" data-id=\"9b153a2\" data-element_type=\"container\" data-e-type=\"container\">\n\t\t\t\t\t<div class=\"e-con-inner\">\n\t\t<div class=\"elementor-element elementor-element-d648dd4 e-con-full e-flex e-con e-child\" data-id=\"d648dd4\" data-element_type=\"container\" data-e-type=\"container\">\n\t\t\t\t<div class=\"elementor-element elementor-element-fe1e092 elementor-widget elementor-widget-pt_title\" data-id=\"fe1e092\" data-element_type=\"widget\" data-e-type=\"widget\" data-widget_type=\"pt_title.default\">\n\t\t\t\t<div class=\"elementor-widget-container\">\n\t\t\t\t\t\n        <div class=\"pt-title-wrap text-center\">\t            <div class=\"pt-subtitle-wrap\"><span class=\"pt-subtitle\">Section Subtitle<\/span><\/div>\t            <h4 class=\"pt-title\">\n\t                You are a private individual\t            <\/h4>\t            <div class=\"pt-title-text\">\n\t                <p>The silk you purchase is unique, and so is your project. You choose this fully customized offer.<\/p>\t            <\/div>                <div class=\"pt-title-btn\">\n                    <a class=\"button elementor-button-link\" role=\"button\" href=\"https:\/\/tohora-import.com\/en\/inscription-particulier\/\">\n                        <span class=\"pt-btn-text\">I am interested in this project.<\/span>\n                    <\/a>\n                <\/div>\n                    <\/div>\t\t\t\t<\/div>\n\t\t\t\t<\/div>\n\t\t\t\t<\/div>\n\t\t<div class=\"elementor-element elementor-element-0d08ba0 e-con-full e-flex e-con e-child\" data-id=\"0d08ba0\" data-element_type=\"container\" data-e-type=\"container\">\n\t\t\t\t<div class=\"elementor-element elementor-element-acccb7a elementor-widget elementor-widget-pt_title\" data-id=\"acccb7a\" data-element_type=\"widget\" data-e-type=\"widget\" data-widget_type=\"pt_title.default\">\n\t\t\t\t<div class=\"elementor-widget-container\">\n\t\t\t\t\t\n        <div class=\"pt-title-wrap text-center\">\t            <div class=\"pt-subtitle-wrap\"><span class=\"pt-subtitle\">Section Subtitle<\/span><\/div>\t            <h4 class=\"pt-title\">\n\t                You are a professional\t            <\/h4>\t            <div class=\"pt-title-text\">\n\t                <p>You are working in partnership with your client on their project and would like to offer them this unique and unprecedented opportunity.<\/p>\t            <\/div>                <div class=\"pt-title-btn\">\n                    <a class=\"button elementor-button-link\" role=\"button\" href=\"https:\/\/tohora-import.com\/en\/inscription\/\">\n                        <span class=\"pt-btn-text\">I am assisting with a creative project<\/span>\n                    <\/a>\n                <\/div>\n                    <\/div>\t\t\t\t<\/div>\n\t\t\t\t<\/div>\n\t\t\t\t<\/div>\n\t\t\t\t\t<\/div>\n\t\t\t\t<\/div>\n\t\t<div class=\"elementor-element elementor-element-1250b2a e-flex e-con-boxed e-con e-parent\" data-id=\"1250b2a\" data-element_type=\"container\" data-e-type=\"container\">\n\t\t\t\t\t<div class=\"e-con-inner\">\n\t\t\t\t\t<\/div>\n\t\t\t\t<\/div>\n\t\t\t\t<\/div>","protected":false},"excerpt":{"rendered":"<p>Unique et transmissible Et si votre meuble \u00e9tait le r\u00e9sultat d&rsquo;un voyage ? Le voyage du fil de soie qui passe entre les mains du tisseur d&rsquo;une r\u00e9gion choisie pour sa culture, ses m\u00e9thodes de tissage, de sa teinture, d&rsquo;une fine broderie, puis entre les mains d&rsquo;un artisan, qui recouvrira votre Voltaire, ou sera expos\u00e9 &#8230;<\/p>","protected":false},"author":2,"featured_media":9015,"parent":0,"menu_order":0,"comment_status":"closed","ping_status":"closed","template":"template-wide-content.php","meta":{"patiotime_single_page_hide_site_header":"","patiotime_single_page_site_header_source":"","patiotime_single_page_custom_site_header":"0","patiotime_single_page_custom_sticky_site_header":"0","patiotime_single_page_custom_page_title_margin_top_source":"","patiotime_single_page_custom_page_title_desktop_margin_top":"","patiotime_single_page_custom_page_title_tablet_margin_top":"","patiotime_single_page_custom_page_title_mobile_margin_top":"","patiotime_single_page_hide_page_title":"","patiotime_single_page_header_section_size":"","patiotime_single_page_header_background_color":"","patiotime_single_page_header_background_position_x":"center","patiotime_single_page_header_background_position_y":"center","patiotime_single_page_header_background_size":"cover","patiotime_single_page_header_background_repeat":"off","patiotime_single_page_header_background_scroll":"on","patiotime_single_page_header_text_color":"","patiotime_single_page_header_show_breadcrumb":"","patiotime_single_page_site_footer_hide_main":"","patiotime_single_custom_site_footer_main_source":"","patiotime_single_custom_site_footer_main":"0","patiotime_single_page_site_footer_hide_above":"","patiotime_single_custom_site_footer_above_source":"","patiotime_single_custom_site_footer_above":"0","patiotime_single_page_site_footer_hide_instagram":"","patiotime_single_page_site_footer_hide_bottom":"","patiotime_single_custom_mobile_menu_source":"","patiotime_single_custom_mobile_menu":"0","patiotime_single_custom_mobile_menu_animation":"","patiotime_single_custom_mobile_menu_width":"","patiotime_single_custom_mobile_menu_custom_width":375,"footnotes":""},"class_list":["post-10148","page","type-page","status-publish","has-post-thumbnail","hentry"],"yoast_head":"<!-- This site is optimized with the Yoast SEO plugin v27.4 - https:\/\/yoast.com\/product\/yoast-seo-wordpress\/ -->\n<title>Votre Objet est Unique - Tohora the Finest Textile in this world<\/title>\n<meta name=\"description\" content=\"Votre Objet est Unique, Unique et transmissibleEt si votre meuble \u00e9tait le r\u00e9sultat d\u2019un voyage ? Le voyage du fil de soie\" \/>\n<meta name=\"robots\" content=\"index, follow, max-snippet:-1, max-image-preview:large, max-video-preview:-1\" \/>\n<link rel=\"canonical\" href=\"https:\/\/tohora-import.com\/en\/votre-objet-est-unique\/\" \/>\n<meta property=\"og:locale\" content=\"en_GB\" \/>\n<meta property=\"og:type\" content=\"article\" \/>\n<meta property=\"og:title\" content=\"Votre Objet est Unique - Tohora the Finest Textile in this world\" \/>\n<meta property=\"og:description\" content=\"Votre Objet est Unique, Unique et transmissibleEt si votre meuble \u00e9tait le r\u00e9sultat d\u2019un voyage ? Le voyage du fil de soie\" \/>\n<meta property=\"og:url\" content=\"https:\/\/tohora-import.com\/en\/votre-objet-est-unique\/\" \/>\n<meta property=\"og:site_name\" content=\"Tohora the Finest Textile in this world\" \/>\n<meta property=\"article:publisher\" content=\"https:\/\/www.facebook.com\/TohoraFineSilk\/\" \/>\n<meta property=\"article:modified_time\" content=\"2025-12-01T15:16:46+00:00\" \/>\n<meta property=\"og:image\" content=\"https:\/\/tohora-import.com\/wp-content\/uploads\/2025\/06\/Bramahpoutre-cruise-Tohora-scaled.jpeg\" \/>\n\t<meta property=\"og:image:width\" content=\"1920\" \/>\n\t<meta property=\"og:image:height\" content=\"2560\" \/>\n\t<meta property=\"og:image:type\" content=\"image\/jpeg\" \/>\n<meta name=\"twitter:card\" content=\"summary_large_image\" \/>\n<meta name=\"twitter:label1\" content=\"Estimated reading time\" \/>\n\t<meta name=\"twitter:data1\" content=\"2 minutes\" \/>\n<script type=\"application\/ld+json\" class=\"yoast-schema-graph\">{\"@context\":\"https:\\\/\\\/schema.org\",\"@graph\":[{\"@type\":\"WebPage\",\"@id\":\"https:\\\/\\\/tohora-import.com\\\/votre-objet-est-unique\\\/\",\"url\":\"https:\\\/\\\/tohora-import.com\\\/votre-objet-est-unique\\\/\",\"name\":\"Votre Objet est Unique - Tohora the Finest Textile in this world\",\"isPartOf\":{\"@id\":\"https:\\\/\\\/tohora-import.com\\\/#website\"},\"primaryImageOfPage\":{\"@id\":\"https:\\\/\\\/tohora-import.com\\\/votre-objet-est-unique\\\/#primaryimage\"},\"image\":{\"@id\":\"https:\\\/\\\/tohora-import.com\\\/votre-objet-est-unique\\\/#primaryimage\"},\"thumbnailUrl\":\"https:\\\/\\\/tohora-import.com\\\/wp-content\\\/uploads\\\/2025\\\/06\\\/Bramahpoutre-cruise-Tohora-scaled.jpeg\",\"datePublished\":\"2025-07-11T12:24:38+00:00\",\"dateModified\":\"2025-12-01T15:16:46+00:00\",\"description\":\"Votre Objet est Unique, Unique et transmissibleEt si votre meuble \u00e9tait le r\u00e9sultat d\u2019un voyage ? Le voyage du fil de soie\",\"breadcrumb\":{\"@id\":\"https:\\\/\\\/tohora-import.com\\\/votre-objet-est-unique\\\/#breadcrumb\"},\"inLanguage\":\"en-GB\",\"potentialAction\":[{\"@type\":\"ReadAction\",\"target\":[\"https:\\\/\\\/tohora-import.com\\\/votre-objet-est-unique\\\/\"]}]},{\"@type\":\"ImageObject\",\"inLanguage\":\"en-GB\",\"@id\":\"https:\\\/\\\/tohora-import.com\\\/votre-objet-est-unique\\\/#primaryimage\",\"url\":\"https:\\\/\\\/tohora-import.com\\\/wp-content\\\/uploads\\\/2025\\\/06\\\/Bramahpoutre-cruise-Tohora-scaled.jpeg\",\"contentUrl\":\"https:\\\/\\\/tohora-import.com\\\/wp-content\\\/uploads\\\/2025\\\/06\\\/Bramahpoutre-cruise-Tohora-scaled.jpeg\",\"width\":1920,\"height\":2560,\"caption\":\"Tohora Luxembourg voyage et rapporte les \u00e9toffes de soie naturelle tiss\u00e9es main, Soie de Murier, soie Eri, Soie Tussar et soie Muga\"},{\"@type\":\"BreadcrumbList\",\"@id\":\"https:\\\/\\\/tohora-import.com\\\/votre-objet-est-unique\\\/#breadcrumb\",\"itemListElement\":[{\"@type\":\"ListItem\",\"position\":1,\"name\":\"Accueil\",\"item\":\"https:\\\/\\\/tohora-import.com\\\/\"},{\"@type\":\"ListItem\",\"position\":2,\"name\":\"Votre Objet est Unique\"}]},{\"@type\":\"WebSite\",\"@id\":\"https:\\\/\\\/tohora-import.com\\\/#website\",\"url\":\"https:\\\/\\\/tohora-import.com\\\/\",\"name\":\"Tohora the Finest Silk in this world\",\"description\":\"Tohora the Finest textile in this world\",\"publisher\":{\"@id\":\"https:\\\/\\\/tohora-import.com\\\/#organization\"},\"potentialAction\":[{\"@type\":\"SearchAction\",\"target\":{\"@type\":\"EntryPoint\",\"urlTemplate\":\"https:\\\/\\\/tohora-import.com\\\/?s={search_term_string}\"},\"query-input\":{\"@type\":\"PropertyValueSpecification\",\"valueRequired\":true,\"valueName\":\"search_term_string\"}}],\"inLanguage\":\"en-GB\"},{\"@type\":\"Organization\",\"@id\":\"https:\\\/\\\/tohora-import.com\\\/#organization\",\"name\":\"Tohora the Finest Silk in this world\",\"url\":\"https:\\\/\\\/tohora-import.com\\\/\",\"logo\":{\"@type\":\"ImageObject\",\"inLanguage\":\"en-GB\",\"@id\":\"https:\\\/\\\/tohora-import.com\\\/#\\\/schema\\\/logo\\\/image\\\/\",\"url\":\"https:\\\/\\\/tohora-import.com\\\/wp-content\\\/uploads\\\/2025\\\/06\\\/TohoraImport.jpeg\",\"contentUrl\":\"https:\\\/\\\/tohora-import.com\\\/wp-content\\\/uploads\\\/2025\\\/06\\\/TohoraImport.jpeg\",\"width\":531,\"height\":499,\"caption\":\"Tohora the Finest Silk in this world\"},\"image\":{\"@id\":\"https:\\\/\\\/tohora-import.com\\\/#\\\/schema\\\/logo\\\/image\\\/\"},\"sameAs\":[\"https:\\\/\\\/www.facebook.com\\\/TohoraFineSilk\\\/\",\"https:\\\/\\\/www.pinterest.com\\\/TohoraImport\\\/\",\"https:\\\/\\\/www.instagram.com\\\/tohora_fine_silk\\\/\",\"https:\\\/\\\/www.linkedin.com\\\/company\\\/tohora-import\\\/\",\"https:\\\/\\\/www.youtube.com\\\/@TOHORA_Luxembourg\"]}]}<\/script>\n<!-- \/ Yoast SEO plugin. -->","yoast_head_json":{"title":"Votre Objet est Unique - Tohora the Finest Textile in this world","description":"Votre Objet est Unique, Unique et transmissibleEt si votre meuble \u00e9tait le r\u00e9sultat d\u2019un voyage ? Le voyage du fil de soie","robots":{"index":"index","follow":"follow","max-snippet":"max-snippet:-1","max-image-preview":"max-image-preview:large","max-video-preview":"max-video-preview:-1"},"canonical":"https:\/\/tohora-import.com\/en\/votre-objet-est-unique\/","og_locale":"en_GB","og_type":"article","og_title":"Votre Objet est Unique - Tohora the Finest Textile in this world","og_description":"Votre Objet est Unique, Unique et transmissibleEt si votre meuble \u00e9tait le r\u00e9sultat d\u2019un voyage ? Le voyage du fil de soie","og_url":"https:\/\/tohora-import.com\/en\/votre-objet-est-unique\/","og_site_name":"Tohora the Finest Textile in this world","article_publisher":"https:\/\/www.facebook.com\/TohoraFineSilk\/","article_modified_time":"2025-12-01T15:16:46+00:00","og_image":[{"width":1920,"height":2560,"url":"https:\/\/tohora-import.com\/wp-content\/uploads\/2025\/06\/Bramahpoutre-cruise-Tohora-scaled.jpeg","type":"image\/jpeg"}],"twitter_card":"summary_large_image","twitter_misc":{"Estimated reading time":"2 minutes"},"schema":{"@context":"https:\/\/schema.org","@graph":[{"@type":"WebPage","@id":"https:\/\/tohora-import.com\/votre-objet-est-unique\/","url":"https:\/\/tohora-import.com\/votre-objet-est-unique\/","name":"Votre Objet est Unique - Tohora the Finest Textile in this world","isPartOf":{"@id":"https:\/\/tohora-import.com\/#website"},"primaryImageOfPage":{"@id":"https:\/\/tohora-import.com\/votre-objet-est-unique\/#primaryimage"},"image":{"@id":"https:\/\/tohora-import.com\/votre-objet-est-unique\/#primaryimage"},"thumbnailUrl":"https:\/\/tohora-import.com\/wp-content\/uploads\/2025\/06\/Bramahpoutre-cruise-Tohora-scaled.jpeg","datePublished":"2025-07-11T12:24:38+00:00","dateModified":"2025-12-01T15:16:46+00:00","description":"Votre Objet est Unique, Unique et transmissibleEt si votre meuble \u00e9tait le r\u00e9sultat d\u2019un voyage ? Le voyage du fil de soie","breadcrumb":{"@id":"https:\/\/tohora-import.com\/votre-objet-est-unique\/#breadcrumb"},"inLanguage":"en-GB","potentialAction":[{"@type":"ReadAction","target":["https:\/\/tohora-import.com\/votre-objet-est-unique\/"]}]},{"@type":"ImageObject","inLanguage":"en-GB","@id":"https:\/\/tohora-import.com\/votre-objet-est-unique\/#primaryimage","url":"https:\/\/tohora-import.com\/wp-content\/uploads\/2025\/06\/Bramahpoutre-cruise-Tohora-scaled.jpeg","contentUrl":"https:\/\/tohora-import.com\/wp-content\/uploads\/2025\/06\/Bramahpoutre-cruise-Tohora-scaled.jpeg","width":1920,"height":2560,"caption":"Tohora Luxembourg voyage et rapporte les \u00e9toffes de soie naturelle tiss\u00e9es main, Soie de Murier, soie Eri, Soie Tussar et soie Muga"},{"@type":"BreadcrumbList","@id":"https:\/\/tohora-import.com\/votre-objet-est-unique\/#breadcrumb","itemListElement":[{"@type":"ListItem","position":1,"name":"Accueil","item":"https:\/\/tohora-import.com\/"},{"@type":"ListItem","position":2,"name":"Votre Objet est Unique"}]},{"@type":"WebSite","@id":"https:\/\/tohora-import.com\/#website","url":"https:\/\/tohora-import.com\/","name":"Tohora the Finest Silk in this world","description":"Tohora the Finest textile in this world","publisher":{"@id":"https:\/\/tohora-import.com\/#organization"},"potentialAction":[{"@type":"SearchAction","target":{"@type":"EntryPoint","urlTemplate":"https:\/\/tohora-import.com\/?s={search_term_string}"},"query-input":{"@type":"PropertyValueSpecification","valueRequired":true,"valueName":"search_term_string"}}],"inLanguage":"en-GB"},{"@type":"Organization","@id":"https:\/\/tohora-import.com\/#organization","name":"Tohora the Finest Silk in this world","url":"https:\/\/tohora-import.com\/","logo":{"@type":"ImageObject","inLanguage":"en-GB","@id":"https:\/\/tohora-import.com\/#\/schema\/logo\/image\/","url":"https:\/\/tohora-import.com\/wp-content\/uploads\/2025\/06\/TohoraImport.jpeg","contentUrl":"https:\/\/tohora-import.com\/wp-content\/uploads\/2025\/06\/TohoraImport.jpeg","width":531,"height":499,"caption":"Tohora the Finest Silk in this world"},"image":{"@id":"https:\/\/tohora-import.com\/#\/schema\/logo\/image\/"},"sameAs":["https:\/\/www.facebook.com\/TohoraFineSilk\/","https:\/\/www.pinterest.com\/TohoraImport\/","https:\/\/www.instagram.com\/tohora_fine_silk\/","https:\/\/www.linkedin.com\/company\/tohora-import\/","https:\/\/www.youtube.com\/@TOHORA_Luxembourg"]}]}},"_links":{"self":[{"href":"https:\/\/tohora-import.com\/en\/wp-json\/wp\/v2\/pages\/10148","targetHints":{"allow":["GET"]}}],"collection":[{"href":"https:\/\/tohora-import.com\/en\/wp-json\/wp\/v2\/pages"}],"about":[{"href":"https:\/\/tohora-import.com\/en\/wp-json\/wp\/v2\/types\/page"}],"author":[{"embeddable":true,"href":"https:\/\/tohora-import.com\/en\/wp-json\/wp\/v2\/users\/2"}],"replies":[{"embeddable":true,"href":"https:\/\/tohora-import.com\/en\/wp-json\/wp\/v2\/comments?post=10148"}],"version-history":[{"count":64,"href":"https:\/\/tohora-import.com\/en\/wp-json\/wp\/v2\/pages\/10148\/revisions"}],"predecessor-version":[{"id":11777,"href":"https:\/\/tohora-import.com\/en\/wp-json\/wp\/v2\/pages\/10148\/revisions\/11777"}],"wp:featuredmedia":[{"embeddable":true,"href":"https:\/\/tohora-import.com\/en\/wp-json\/wp\/v2\/media\/9015"}],"wp:attachment":[{"href":"https:\/\/tohora-import.com\/en\/wp-json\/wp\/v2\/media?parent=10148"}],"curies":[{"name":"wp","href":"https:\/\/api.w.org\/{rel}","templated":true}]}}